{"id":12417,"date":"2021-05-13T05:29:54","date_gmt":"2021-05-13T05:29:54","guid":{"rendered":"https:\/\/www.allroundvp.com\/machines\/gemuesetrockner\/"},"modified":"2021-05-31T04:54:15","modified_gmt":"2021-05-31T04:54:15","slug":"gemuesetrockner","status":"publish","type":"page","link":"https:\/\/www.allroundvp.com\/de\/machines\/gemuesetrockner\/","title":{"rendered":"Gem\u00fcsetrockner"},"content":{"rendered":"<div class=\"fusion-fullwidth fullwidth-box fusion-builder-row-1 hundred-percent-fullwidth non-hundred-percent-height-scrolling fusion-equal-height-columns\" style=\"background-color: rgba(255,255,255,0);background-position: center center;background-repeat: no-repeat;padding-top:30px;padding-right:40px;padding-bottom:40px;padding-left:40px;margin-bottom: 0px;margin-top: 0px;border-width: 0px 0px 0px 0px;border-color:#eae9e9;border-style:solid;\" ><div class=\"fusion-builder-row fusion-row\"><div class=\"fusion-layout-column fusion_builder_column fusion-builder-column-0 fusion_builder_column_1_1 1_1 fusion-one-full fusion-column-first fusion-column-last fusion-no-medium-visibility fusion-no-large-visibility\" style=\"margin-top:0px;margin-bottom:20px;\"><div class=\"fusion-column-wrapper fusion-flex-column-wrapper-legacy\" style=\"background-position:left top;background-repeat:no-repeat;-webkit-background-size:cover;-moz-background-size:cover;-o-background-size:cover;background-size:cover;padding: 0px 0px 0px 0px;\"><style type=\"text\/css\">#accordion-12417-1 .fusion-panel:hover, #accordion-12417-1 .fusion-panel.hover{ background-color: #2a3b49 } #accordion-12417-1 .fusion-panel { border-color:#cccccc; border-width:0px; background-color:#2a3b49; }.fusion-accordian  #accordion-12417-1 .panel-title a .fa-fusion-box{ color: #ffffff;}.fusion-accordian  #accordion-12417-1 .panel-title a .fa-fusion-box:before{ font-size: 13px; width: 13px;}.fusion-accordian  #accordion-12417-1 .panel-title a{font-size:14px;color:#7b848c;font-family:\"Open Sans\";font-weight:400;}.fusion-accordian  #accordion-12417-1 .toggle-content{font-size:14px;color:#2a3b49;font-family:\"Open Sans\";font-weight:400;}.fusion-accordian  #accordion-12417-1 .fa-fusion-box { background-color: #333333;border-color: #333333;}.fusion-accordian  #accordion-12417-1 .panel-title a:not(.active):hover, #accordion-12417-1 .fusion-toggle-boxed-mode:hover .panel-title a { color: #e88225;}.fusion-accordian  #accordion-12417-1 .panel-title .active .fa-fusion-box,.fusion-accordian  #accordion-12417-1 .panel-title a:not(.active):hover .fa-fusion-box { background-color: #e88225!important;border-color: #e88225!important;}<\/style><div class=\"accordian fusion-accordian\"><div class=\"panel-group\" id=\"accordion-12417-1\"><style type=\"text\/css\">.fusion-accordian  #accordion-12417-1 .panel-5076f154bc2bba78d .panel-title a{}.fusion-accordian  #accordion-12417-1 .panel-5076f154bc2bba78d .toggle-content{}<\/style><div class=\"fusion-panel panel-default panel-5076f154bc2bba78d fusion-toggle-no-divider fusion-toggle-boxed-mode\"><div class=\"panel-heading\"><h4 class=\"panel-title toggle\" id=\"toggle_5076f154bc2bba78d\"><a aria-expanded=\"false\" aria-controls=\"5076f154bc2bba78d\" role=\"button\" data-toggle=\"collapse\" data-parent=\"#accordion-12417-1\" data-target=\"#5076f154bc2bba78d\" href=\"#5076f154bc2bba78d\"><span class=\"fusion-toggle-icon-wrapper\" aria-hidden=\"true\"><i class=\"fa-fusion-box active-icon awb-icon-minus\" aria-hidden=\"true\"><\/i><i class=\"fa-fusion-box inactive-icon awb-icon-plus\" aria-hidden=\"true\"><\/i><\/span><span class=\"fusion-toggle-heading\">Maschinenkategorien<\/span><\/a><\/h4><\/div><div id=\"5076f154bc2bba78d\" class=\"panel-collapse collapse \" araia-labelledby=\"toggle_5076f154bc2bba78d\"><div class=\"panel-body toggle-content fusion-clearfix\">\n<ul class=\"sidebar-categories-mobile\">\n<li><a href=\"https:\/\/www.allroundvp.com\/de\/machines\/polieren\/\">Polieren<\/a><\/li>\n<li><a href=\"https:\/\/www.allroundvp.com\/de\/machines\/gemuesereinigungsmaschine\/\">Reinigung<\/a><\/li>\n<li><a href=\"https:\/\/www.allroundvp.com\/de\/machines\/sortiermaschinen\/\">Sortierung<\/a><\/li>\n<li><a href=\"https:\/\/www.allroundvp.com\/de\/machines\/bunkermaschine\/\">Bunker<\/a><\/li>\n<li><strong>Trocknung<\/strong><\/li>\n<li><a href=\"https:\/\/www.allroundvp.com\/de\/machines\/handhabung\/\">Handhabung<\/a><\/li>\n<li><a href=\"https:\/\/www.allroundvp.com\/de\/machines\/abkuehlung\/\">Abk\u00fchlung<\/a><\/li>\n<li><a href=\"https:\/\/www.allroundvp.com\/de\/machines\/kippen\/\">Kippen<\/a><\/li>\n<li><a href=\"https:\/\/www.allroundvp.com\/de\/machines\/inspektion\/\">Inspektion<\/a><\/li>\n<li><a href=\"https:\/\/www.allroundvp.com\/de\/machines\/kistenfuellung\/\">Abf\u00fcllung<\/a><\/li>\n<li><a href=\"https:\/\/www.allroundvp.com\/de\/machines\/palettiermaschine\/\">Palettierung<\/a><\/li>\n<li><a href=\"https:\/\/www.allroundvp.com\/de\/machines\/absacken\/\">Absacken<\/a><\/li>\n<\/ul>\n<\/div><\/div><\/div><\/div><\/div><div class=\"fusion-clearfix\"><\/div><\/div><\/div><div class=\"fusion-layout-column fusion_builder_column fusion-builder-column-1 fusion_builder_column_1_6 1_6 fusion-one-sixth fusion-column-first allround-categories fusion-no-small-visibility\" style=\"width:16.666666666667%;width:calc(16.666666666667% - ( ( 40px ) * 0.16666666666667 ) );margin-right: 40px;margin-top:0px;margin-bottom:20px;\"><div class=\"fusion-column-wrapper fusion-flex-column-wrapper-legacy\" style=\"background-position:left top;background-repeat:no-repeat;-webkit-background-size:cover;-moz-background-size:cover;-o-background-size:cover;background-size:cover;background-color:#2a3b49;padding: 5% 15% 5% 15%;\"><div class=\"fusion-text fusion-text-1\"><h3><a href=\"https:\/\/www.allroundvp.com\/de\/machines\/\"><span style=\"color: #ffffff;\">Maschinenkategorien<\/span><\/a><\/h3>\n<ul class=\"sidebar-categories\">\n<li><a href=\"https:\/\/www.allroundvp.com\/de\/machines\/polieren\/\">Polieren<\/a><\/li>\n<li><a href=\"https:\/\/www.allroundvp.com\/de\/machines\/gemuesereinigungsmaschine\/\">Reinigung<\/a><\/li>\n<li><a href=\"https:\/\/www.allroundvp.com\/de\/machines\/sortiermaschinen\/\">Sortierung<\/a><\/li>\n<li><a href=\"https:\/\/www.allroundvp.com\/de\/machines\/bunkermaschine\/\">Bunker<\/a><\/li>\n<li><strong>Trocknung<\/strong><\/li>\n<li><a href=\"https:\/\/www.allroundvp.com\/de\/machines\/handhabung\/\">Handhabung<\/a><\/li>\n<li><a href=\"https:\/\/www.allroundvp.com\/de\/machines\/abkuehlung\/\">Abk\u00fchlung<\/a><\/li>\n<li><a href=\"https:\/\/www.allroundvp.com\/de\/machines\/kippen\/\">Kippen<\/a><\/li>\n<li><a href=\"https:\/\/www.allroundvp.com\/de\/machines\/inspektion\/\">Inspektion<\/a><\/li>\n<li><a href=\"https:\/\/www.allroundvp.com\/de\/machines\/kistenfuellung\/\">Abf\u00fcllung<\/a><\/li>\n<li><a href=\"https:\/\/www.allroundvp.com\/de\/machines\/palettiermaschine\/\">Palettierung<\/a><\/li>\n<li><a href=\"https:\/\/www.allroundvp.com\/de\/machines\/absacken\/\">Absacken<\/a><\/li>\n<\/ul>\n<\/div><div class=\"fusion-clearfix\"><\/div><\/div><\/div><div class=\"fusion-layout-column fusion_builder_column fusion-builder-column-2 fusion_builder_column_5_6 5_6 fusion-five-sixth fusion-column-last machine-portfolio\" style=\"width:83.333333333333%;width:calc(83.333333333333% - ( ( 40px ) * 0.83333333333333 ) );margin-top:0px;margin-bottom:20px;\"><div class=\"fusion-column-wrapper fusion-flex-column-wrapper-legacy\" style=\"background-position:left top;background-repeat:no-repeat;-webkit-background-size:cover;-moz-background-size:cover;-o-background-size:cover;background-size:cover;background-color:rgba(255,255,255,0);padding: 0px 0px 0px 0px;\"><div class=\"fusion-text fusion-text-2\"><h1>Gem\u00fcsetrockner<\/h1>\n<\/div><div class=\"fusion-sep-clear\"><\/div><div class=\"fusion-separator fusion-full-width-sep\" style=\"margin-left: auto;margin-right: auto;margin-bottom:40px;width:100%;\"><\/div><div class=\"fusion-sep-clear\"><\/div><div class=\"fusion-sep-clear\"><\/div><div class=\"fusion-separator fusion-full-width-sep\" style=\"margin-left: auto;margin-right: auto;margin-bottom:40px;width:100%;\"><\/div><div class=\"fusion-sep-clear\"><\/div><div class=\"fusion-text fusion-text-3\"><p>Ben\u00f6tigen Sie eine Gem\u00fcsetrocknermaschine f\u00fcr Ihre Produktionslinie? Dann hat Allround genau die Maschinen, die Sie brauchen. Mit unseren Trocknungsger\u00e4ten k\u00f6nnen Sie \u00fcbersch\u00fcssiges Wasser aus einer Vielzahl von Gem\u00fcsesorten entfernen. Es gibt also definitiv eine Maschine, die zu Ihrer Produktionsanlage passt. Unsere Maschinen haben sogar ein hervorragendes Preis-Leistungsverh\u00e4ltnis. Was m\u00f6chten Sie mehr von Ihrem Gem\u00fcsetrockner?<\/p>\n<h2>Entfernen Sie Wasser von verschiedenen Gem\u00fcsesorten mit der richtigen Trocknermaschine<\/h2>\n<p>Dank unserer breiten Produktpalette und der M\u00f6glichkeit, Ihre anzupassen<a class=\"atag\" href=\"https:\/\/www.allroundvp.com\/de\/lebensmittelproduktionslinien\/\"> Flie\u00dfband<\/a> F\u00fcr jeden Bedarf finden Sie bei Allround mit Sicherheit die richtige Gem\u00fcsetrockner-Maschine. Eine der M\u00f6glichkeiten ist a<a class=\"atag\" href=\"https:\/\/www.allroundvp.com\/de\/trockentunnel\/\"> Trockentunnel<\/a> das entfernt Wasser aus einer Vielzahl von Produkttypen. Eine andere Option ist a<a class=\"atag\" href=\"https:\/\/www.allroundvp.com\/portfolio-items\/potato-dryer\/\"> Kartoffeltrockner<\/a> mit Filzwalzen, die das Wasser von Kartoffeln nach dem Waschen aufnehmen. Daneben bieten wir eine<a class=\"atag\" href=\"https:\/\/www.allroundvp.com\/portfolio-items\/air-dryer\/\"> Lufttrockner<\/a> das entfernt Wasser mit einem leistungsstarken L\u00fcfter.<\/p>\n<h3>Stellen Sie eine m\u00f6glichst lange Haltbarkeit Ihrer Produkte sicher<\/h3>\n<p>Sie m\u00f6chten, dass Ihre Produkte so lange wie m\u00f6glich haltbar sind. Daher ben\u00f6tigen Sie die richtige Gem\u00fcsetrocknermaschine, um \u00fcbersch\u00fcssiges Wasser zu entfernen. Eine andere M\u00f6glichkeit, um sicherzustellen, dass die Produkte l\u00e4nger haltbar sind, ist die Verwendung von a<a class=\"atag\" href=\"https:\/\/www.allroundvp.com\/portfolio-items\/hydrocooler\/\"> Wasserk\u00fchler<\/a> . M\u00f6chten Sie mehr \u00fcber die M\u00f6glichkeiten erfahren oder haben Sie eine Frage zu einer bestimmten Gem\u00fcsetrocknermaschine? Kontaktieren Sie uns telefonisch<a class=\"atag1\" href=\"tel:0031228597777\"> +31 228 597777<\/a> oder senden Sie eine E-Mail an<a class=\"atag1\" href=\"mailto:info@allroundvp.nl\"> info@allroundvp.nl<\/a> .<\/p>\n<\/div><div class=\"fusion-clearfix\"><\/div><\/div><\/div><\/div><\/div>\n","protected":false},"excerpt":{"rendered":"","protected":false},"author":2,"featured_media":0,"parent":11652,"menu_order":0,"comment_status":"closed","ping_status":"closed","template":"100-width.php","meta":{"_monsterinsights_skip_tracking":false,"_monsterinsights_sitenote_active":false,"_monsterinsights_sitenote_note":"","_monsterinsights_sitenote_category":0},"yoast_head":"<!-- This site is optimized with the Yoast SEO plugin v19.4 - https:\/\/yoast.com\/wordpress\/plugins\/seo\/ -->\n<title>Gem\u00fcsetrockner - Allround Vegetable Processing<\/title>\n<meta name=\"description\" content=\"Welche Art von Gem\u00fcsetrockner ben\u00f6tigen Sie? Lassen Sie es uns wissen und wir bieten Ihnen eine ma\u00dfgeschneiderte L\u00f6sung, die zu Ihrer Produktionsst\u00e4tte passt. Kontaktiere uns!\" \/>\n<meta name=\"robots\" content=\"index, follow, max-snippet:-1, max-image-preview:large, max-video-preview:-1\" \/>\n<link rel=\"canonical\" href=\"https:\/\/www.allroundvp.com\/de\/machines\/gemuesetrockner\/\" \/>\n<meta property=\"og:locale\" content=\"de_DE\" \/>\n<meta property=\"og:type\" content=\"article\" \/>\n<meta property=\"og:title\" content=\"Gem\u00fcsetrockner - Allround Vegetable Processing\" \/>\n<meta property=\"og:description\" content=\"Welche Art von Gem\u00fcsetrockner ben\u00f6tigen Sie? Lassen Sie es uns wissen und wir bieten Ihnen eine ma\u00dfgeschneiderte L\u00f6sung, die zu Ihrer Produktionsst\u00e4tte passt. Kontaktiere uns!\" \/>\n<meta property=\"og:url\" content=\"https:\/\/www.allroundvp.com\/de\/machines\/gemuesetrockner\/\" \/>\n<meta property=\"og:site_name\" content=\"Allround Vegetable Processing\" \/>\n<meta property=\"article:modified_time\" content=\"2021-05-31T04:54:15+00:00\" \/>\n<meta name=\"twitter:card\" content=\"summary_large_image\" \/>\n<meta name=\"twitter:site\" content=\"@allroundvp\" \/>\n<meta name=\"twitter:label1\" content=\"Gesch\u00e4tzte Lesezeit\" \/>\n\t<meta name=\"twitter:data1\" content=\"5\u00a0Minuten\" \/>\n<script type=\"application\/ld+json\" class=\"yoast-schema-graph\">{\"@context\":\"https:\/\/schema.org\",\"@graph\":[{\"@type\":\"Organization\",\"@id\":\"https:\/\/www.allroundvp.com\/#organization\",\"name\":\"Allround Vegetable Processing Machines\",\"url\":\"https:\/\/www.allroundvp.com\/\",\"sameAs\":[\"https:\/\/www.linkedin.com\/company\/allround-vegetable-processing-b.v.\/\",\"https:\/\/www.youtube.com\/AllroundVegetableProcessing\",\"https:\/\/twitter.com\/allroundvp\"],\"logo\":{\"@type\":\"ImageObject\",\"inLanguage\":\"de\",\"@id\":\"https:\/\/www.allroundvp.com\/#\/schema\/logo\/image\/\",\"url\":\"https:\/\/www.allroundvp.com\/wp-content\/uploads\/2020\/07\/allround_vegetable_processing_dlogo.png\",\"contentUrl\":\"https:\/\/www.allroundvp.com\/wp-content\/uploads\/2020\/07\/allround_vegetable_processing_dlogo.png\",\"width\":150,\"height\":90,\"caption\":\"Allround Vegetable Processing Machines\"},\"image\":{\"@id\":\"https:\/\/www.allroundvp.com\/#\/schema\/logo\/image\/\"}},{\"@type\":\"WebSite\",\"@id\":\"https:\/\/www.allroundvp.com\/#website\",\"url\":\"https:\/\/www.allroundvp.com\/\",\"name\":\"Allround Vegetable Processing\",\"description\":\"Welcome on Allround Vegetable Processing\",\"publisher\":{\"@id\":\"https:\/\/www.allroundvp.com\/#organization\"},\"potentialAction\":[{\"@type\":\"SearchAction\",\"target\":{\"@type\":\"EntryPoint\",\"urlTemplate\":\"https:\/\/www.allroundvp.com\/?s={search_term_string}\"},\"query-input\":\"required name=search_term_string\"}],\"inLanguage\":\"de\"},{\"@type\":\"WebPage\",\"@id\":\"https:\/\/www.allroundvp.com\/de\/machines\/gemuesetrockner\/\",\"url\":\"https:\/\/www.allroundvp.com\/de\/machines\/gemuesetrockner\/\",\"name\":\"Gem\u00fcsetrockner - Allround Vegetable Processing\",\"isPartOf\":{\"@id\":\"https:\/\/www.allroundvp.com\/#website\"},\"datePublished\":\"2021-05-13T05:29:54+00:00\",\"dateModified\":\"2021-05-31T04:54:15+00:00\",\"description\":\"Welche Art von Gem\u00fcsetrockner ben\u00f6tigen Sie? Lassen Sie es uns wissen und wir bieten Ihnen eine ma\u00dfgeschneiderte L\u00f6sung, die zu Ihrer Produktionsst\u00e4tte passt. Kontaktiere uns!\",\"breadcrumb\":{\"@id\":\"https:\/\/www.allroundvp.com\/de\/machines\/gemuesetrockner\/#breadcrumb\"},\"inLanguage\":\"de\",\"potentialAction\":[{\"@type\":\"ReadAction\",\"target\":[\"https:\/\/www.allroundvp.com\/de\/machines\/gemuesetrockner\/\"]}]},{\"@type\":\"BreadcrumbList\",\"@id\":\"https:\/\/www.allroundvp.com\/de\/machines\/gemuesetrockner\/#breadcrumb\",\"itemListElement\":[{\"@type\":\"ListItem\",\"position\":1,\"name\":\"Home\",\"item\":\"https:\/\/www.allroundvp.com\/de\/\"},{\"@type\":\"ListItem\",\"position\":2,\"name\":\"Maschinen\",\"item\":\"https:\/\/www.allroundvp.com\/de\/machines\/\"},{\"@type\":\"ListItem\",\"position\":3,\"name\":\"Gem\u00fcsetrockner\"}]}]}<\/script>\n<!-- \/ Yoast SEO plugin. -->","yoast_head_json":{"title":"Gem\u00fcsetrockner - Allround Vegetable Processing","description":"Welche Art von Gem\u00fcsetrockner ben\u00f6tigen Sie? Lassen Sie es uns wissen und wir bieten Ihnen eine ma\u00dfgeschneiderte L\u00f6sung, die zu Ihrer Produktionsst\u00e4tte passt. Kontaktiere uns!","robots":{"index":"index","follow":"follow","max-snippet":"max-snippet:-1","max-image-preview":"max-image-preview:large","max-video-preview":"max-video-preview:-1"},"canonical":"https:\/\/www.allroundvp.com\/de\/machines\/gemuesetrockner\/","og_locale":"de_DE","og_type":"article","og_title":"Gem\u00fcsetrockner - Allround Vegetable Processing","og_description":"Welche Art von Gem\u00fcsetrockner ben\u00f6tigen Sie? Lassen Sie es uns wissen und wir bieten Ihnen eine ma\u00dfgeschneiderte L\u00f6sung, die zu Ihrer Produktionsst\u00e4tte passt. Kontaktiere uns!","og_url":"https:\/\/www.allroundvp.com\/de\/machines\/gemuesetrockner\/","og_site_name":"Allround Vegetable Processing","article_modified_time":"2021-05-31T04:54:15+00:00","twitter_card":"summary_large_image","twitter_site":"@allroundvp","twitter_misc":{"Gesch\u00e4tzte Lesezeit":"5\u00a0Minuten"},"schema":{"@context":"https:\/\/schema.org","@graph":[{"@type":"Organization","@id":"https:\/\/www.allroundvp.com\/#organization","name":"Allround Vegetable Processing Machines","url":"https:\/\/www.allroundvp.com\/","sameAs":["https:\/\/www.linkedin.com\/company\/allround-vegetable-processing-b.v.\/","https:\/\/www.youtube.com\/AllroundVegetableProcessing","https:\/\/twitter.com\/allroundvp"],"logo":{"@type":"ImageObject","inLanguage":"de","@id":"https:\/\/www.allroundvp.com\/#\/schema\/logo\/image\/","url":"https:\/\/www.allroundvp.com\/wp-content\/uploads\/2020\/07\/allround_vegetable_processing_dlogo.png","contentUrl":"https:\/\/www.allroundvp.com\/wp-content\/uploads\/2020\/07\/allround_vegetable_processing_dlogo.png","width":150,"height":90,"caption":"Allround Vegetable Processing Machines"},"image":{"@id":"https:\/\/www.allroundvp.com\/#\/schema\/logo\/image\/"}},{"@type":"WebSite","@id":"https:\/\/www.allroundvp.com\/#website","url":"https:\/\/www.allroundvp.com\/","name":"Allround Vegetable Processing","description":"Welcome on Allround Vegetable Processing","publisher":{"@id":"https:\/\/www.allroundvp.com\/#organization"},"potentialAction":[{"@type":"SearchAction","target":{"@type":"EntryPoint","urlTemplate":"https:\/\/www.allroundvp.com\/?s={search_term_string}"},"query-input":"required name=search_term_string"}],"inLanguage":"de"},{"@type":"WebPage","@id":"https:\/\/www.allroundvp.com\/de\/machines\/gemuesetrockner\/","url":"https:\/\/www.allroundvp.com\/de\/machines\/gemuesetrockner\/","name":"Gem\u00fcsetrockner - Allround Vegetable Processing","isPartOf":{"@id":"https:\/\/www.allroundvp.com\/#website"},"datePublished":"2021-05-13T05:29:54+00:00","dateModified":"2021-05-31T04:54:15+00:00","description":"Welche Art von Gem\u00fcsetrockner ben\u00f6tigen Sie? Lassen Sie es uns wissen und wir bieten Ihnen eine ma\u00dfgeschneiderte L\u00f6sung, die zu Ihrer Produktionsst\u00e4tte passt. Kontaktiere uns!","breadcrumb":{"@id":"https:\/\/www.allroundvp.com\/de\/machines\/gemuesetrockner\/#breadcrumb"},"inLanguage":"de","potentialAction":[{"@type":"ReadAction","target":["https:\/\/www.allroundvp.com\/de\/machines\/gemuesetrockner\/"]}]},{"@type":"BreadcrumbList","@id":"https:\/\/www.allroundvp.com\/de\/machines\/gemuesetrockner\/#breadcrumb","itemListElement":[{"@type":"ListItem","position":1,"name":"Home","item":"https:\/\/www.allroundvp.com\/de\/"},{"@type":"ListItem","position":2,"name":"Maschinen","item":"https:\/\/www.allroundvp.com\/de\/machines\/"},{"@type":"ListItem","position":3,"name":"Gem\u00fcsetrockner"}]}]}},"_links":{"self":[{"href":"https:\/\/www.allroundvp.com\/de\/wp-json\/wp\/v2\/pages\/12417"}],"collection":[{"href":"https:\/\/www.allroundvp.com\/de\/wp-json\/wp\/v2\/pages"}],"about":[{"href":"https:\/\/www.allroundvp.com\/de\/wp-json\/wp\/v2\/types\/page"}],"author":[{"embeddable":true,"href":"https:\/\/www.allroundvp.com\/de\/wp-json\/wp\/v2\/users\/2"}],"replies":[{"embeddable":true,"href":"https:\/\/www.allroundvp.com\/de\/wp-json\/wp\/v2\/comments?post=12417"}],"version-history":[{"count":0,"href":"https:\/\/www.allroundvp.com\/de\/wp-json\/wp\/v2\/pages\/12417\/revisions"}],"up":[{"embeddable":true,"href":"https:\/\/www.allroundvp.com\/de\/wp-json\/wp\/v2\/pages\/11652"}],"wp:attachment":[{"href":"https:\/\/www.allroundvp.com\/de\/wp-json\/wp\/v2\/media?parent=12417"}],"curies":[{"name":"wp","href":"https:\/\/api.w.org\/{rel}","templated":true}]}}