{"id":12411,"date":"2021-05-13T05:28:05","date_gmt":"2021-05-13T05:28:05","guid":{"rendered":"https:\/\/www.allroundvp.com\/machines\/trinkgeldbox\/"},"modified":"2021-05-31T04:47:32","modified_gmt":"2021-05-31T04:47:32","slug":"kippen","status":"publish","type":"page","link":"https:\/\/www.allroundvp.com\/de\/machines\/kippen\/","title":{"rendered":"Kippen"},"content":{"rendered":"<div class=\"fusion-fullwidth fullwidth-box fusion-builder-row-1 hundred-percent-fullwidth non-hundred-percent-height-scrolling fusion-equal-height-columns\" style=\"background-color: rgba(255,255,255,0);background-position: center center;background-repeat: no-repeat;padding-top:30px;padding-right:40px;padding-bottom:40px;padding-left:40px;margin-bottom: 0px;margin-top: 0px;border-width: 0px 0px 0px 0px;border-color:#eae9e9;border-style:solid;\" ><div class=\"fusion-builder-row fusion-row\"><div class=\"fusion-layout-column fusion_builder_column fusion-builder-column-0 fusion_builder_column_1_1 1_1 fusion-one-full fusion-column-first fusion-column-last fusion-no-medium-visibility fusion-no-large-visibility\" style=\"margin-top:0px;margin-bottom:20px;\"><div class=\"fusion-column-wrapper fusion-flex-column-wrapper-legacy\" style=\"background-position:left top;background-repeat:no-repeat;-webkit-background-size:cover;-moz-background-size:cover;-o-background-size:cover;background-size:cover;padding: 0px 0px 0px 0px;\"><style type=\"text\/css\">#accordion-12411-1 .fusion-panel:hover, #accordion-12411-1 .fusion-panel.hover{ background-color: #2a3b49 } #accordion-12411-1 .fusion-panel { border-color:#cccccc; border-width:0px; background-color:#2a3b49; }.fusion-accordian  #accordion-12411-1 .panel-title a .fa-fusion-box{ color: #ffffff;}.fusion-accordian  #accordion-12411-1 .panel-title a .fa-fusion-box:before{ font-size: 13px; width: 13px;}.fusion-accordian  #accordion-12411-1 .panel-title a{font-size:14px;color:#7b848c;font-family:\"Open Sans\";font-weight:400;}.fusion-accordian  #accordion-12411-1 .toggle-content{font-size:14px;color:#2a3b49;font-family:\"Open Sans\";font-weight:400;}.fusion-accordian  #accordion-12411-1 .fa-fusion-box { background-color: #333333;border-color: #333333;}.fusion-accordian  #accordion-12411-1 .panel-title a:not(.active):hover, #accordion-12411-1 .fusion-toggle-boxed-mode:hover .panel-title a { color: #e88225;}.fusion-accordian  #accordion-12411-1 .panel-title .active .fa-fusion-box,.fusion-accordian  #accordion-12411-1 .panel-title a:not(.active):hover .fa-fusion-box { background-color: #e88225!important;border-color: #e88225!important;}<\/style><div class=\"accordian fusion-accordian\"><div class=\"panel-group\" id=\"accordion-12411-1\"><style type=\"text\/css\">.fusion-accordian  #accordion-12411-1 .panel-4920bbb8387750b30 .panel-title a{}.fusion-accordian  #accordion-12411-1 .panel-4920bbb8387750b30 .toggle-content{}<\/style><div class=\"fusion-panel panel-default panel-4920bbb8387750b30 fusion-toggle-no-divider fusion-toggle-boxed-mode\"><div class=\"panel-heading\"><h4 class=\"panel-title toggle\" id=\"toggle_4920bbb8387750b30\"><a aria-expanded=\"false\" aria-controls=\"4920bbb8387750b30\" role=\"button\" data-toggle=\"collapse\" data-parent=\"#accordion-12411-1\" data-target=\"#4920bbb8387750b30\" href=\"#4920bbb8387750b30\"><span class=\"fusion-toggle-icon-wrapper\" aria-hidden=\"true\"><i class=\"fa-fusion-box active-icon awb-icon-minus\" aria-hidden=\"true\"><\/i><i class=\"fa-fusion-box inactive-icon awb-icon-plus\" aria-hidden=\"true\"><\/i><\/span><span class=\"fusion-toggle-heading\">Maschinenkategorien<\/span><\/a><\/h4><\/div><div id=\"4920bbb8387750b30\" class=\"panel-collapse collapse \" araia-labelledby=\"toggle_4920bbb8387750b30\"><div class=\"panel-body toggle-content fusion-clearfix\">\n<ul class=\"sidebar-categories-mobile\">\n<li><a href=\"https:\/\/www.allroundvp.com\/de\/machines\/polieren\/\">Polieren<\/a><\/li>\n<li><a href=\"https:\/\/www.allroundvp.com\/de\/machines\/gemuesereinigungsmaschine\/\">Reinigung<\/a><\/li>\n<li><a href=\"https:\/\/www.allroundvp.com\/de\/machines\/sortiermaschinen\/\">Sortierung<\/a><\/li>\n<li><a href=\"https:\/\/www.allroundvp.com\/de\/machines\/bunkermaschine\/\">Bunker<\/a><\/li>\n<li><a href=\"https:\/\/www.allroundvp.com\/de\/machines\/gemuesetrockner\/\">Trocknung<\/a><\/li>\n<li><a href=\"https:\/\/www.allroundvp.com\/de\/machines\/handhabung\/\">Handhabung<\/a><\/li>\n<li><a href=\"https:\/\/www.allroundvp.com\/de\/machines\/abkuehlung\/\">Abk\u00fchlung<\/a><\/li>\n<li><strong>Kippen<\/strong><\/li>\n<li><a href=\"https:\/\/www.allroundvp.com\/de\/machines\/inspektion\/\">Inspektion<\/a><\/li>\n<li><a href=\"https:\/\/www.allroundvp.com\/de\/machines\/kistenfuellung\/\">Abf\u00fcllung<\/a><\/li>\n<li><a href=\"https:\/\/www.allroundvp.com\/de\/machines\/palettiermaschine\/\">Palettierung<\/a><\/li>\n<li><a href=\"https:\/\/www.allroundvp.com\/de\/machines\/absacken\/\">Absacken<\/a><\/li>\n<\/ul>\n<\/div><\/div><\/div><\/div><\/div><div class=\"fusion-clearfix\"><\/div><\/div><\/div><div class=\"fusion-layout-column fusion_builder_column fusion-builder-column-1 fusion_builder_column_1_6 1_6 fusion-one-sixth fusion-column-first allround-categories fusion-no-small-visibility\" style=\"width:16.666666666667%;width:calc(16.666666666667% - ( ( 40px ) * 0.16666666666667 ) );margin-right: 40px;margin-top:0px;margin-bottom:20px;\"><div class=\"fusion-column-wrapper fusion-flex-column-wrapper-legacy\" style=\"background-position:left top;background-repeat:no-repeat;-webkit-background-size:cover;-moz-background-size:cover;-o-background-size:cover;background-size:cover;background-color:#2a3b49;padding: 5% 15% 5% 15%;\"><div class=\"fusion-text fusion-text-1\"><h3><a href=\"https:\/\/www.allroundvp.com\/de\/machines\/\"><span style=\"color: #ffffff;\">Maschinenkategorien<\/span><\/a><\/h3>\n<ul class=\"sidebar-categories\">\n<li><a href=\"https:\/\/www.allroundvp.com\/de\/machines\/polieren\/\">Polieren<\/a><\/li>\n<li><a href=\"https:\/\/www.allroundvp.com\/de\/machines\/gemuesereinigungsmaschine\/\">Reinigung<\/a><\/li>\n<li><a href=\"https:\/\/www.allroundvp.com\/de\/machines\/sortiermaschinen\/\">Sortierung<\/a><\/li>\n<li><a href=\"https:\/\/www.allroundvp.com\/de\/machines\/bunkermaschine\/\">Bunker<\/a><\/li>\n<li><a href=\"https:\/\/www.allroundvp.com\/de\/machines\/gemuesetrockner\/\">Trocknung<\/a><\/li>\n<li><a href=\"https:\/\/www.allroundvp.com\/de\/machines\/handhabung\/\">Handhabung<\/a><\/li>\n<li><a href=\"https:\/\/www.allroundvp.com\/de\/machines\/abkuehlung\/\">Abk\u00fchlung<\/a><\/li>\n<li><strong>Kippen<\/strong><\/li>\n<li><a href=\"https:\/\/www.allroundvp.com\/de\/machines\/inspektion\/\">Inspektion<\/a><\/li>\n<li><a href=\"https:\/\/www.allroundvp.com\/de\/machines\/kistenfuellung\/\">Abf\u00fcllung<\/a><\/li>\n<li><a href=\"https:\/\/www.allroundvp.com\/de\/machines\/palettiermaschine\/\">Palettierung<\/a><\/li>\n<li><a href=\"https:\/\/www.allroundvp.com\/de\/machines\/absacken\/\">Absacken<\/a><\/li>\n<\/ul>\n<\/div><div class=\"fusion-clearfix\"><\/div><\/div><\/div><div class=\"fusion-layout-column fusion_builder_column fusion-builder-column-2 fusion_builder_column_5_6 5_6 fusion-five-sixth fusion-column-last machine-portfolio\" style=\"width:83.333333333333%;width:calc(83.333333333333% - ( ( 40px ) * 0.83333333333333 ) );margin-top:0px;margin-bottom:20px;\"><div class=\"fusion-column-wrapper fusion-flex-column-wrapper-legacy\" style=\"background-position:left top;background-repeat:no-repeat;-webkit-background-size:cover;-moz-background-size:cover;-o-background-size:cover;background-size:cover;background-color:rgba(255,255,255,0);padding: 0px 0px 0px 0px;\"><div class=\"fusion-text fusion-text-2\"><h1>Kisten Kippen<\/h1>\n<\/div><div class=\"fusion-sep-clear\"><\/div><div class=\"fusion-separator fusion-full-width-sep\" style=\"margin-left: auto;margin-right: auto;margin-bottom:40px;width:100%;\"><\/div><div class=\"fusion-sep-clear\"><\/div><style type=\"text\/css\">.fusion-portfolio-wrapper#fusion-portfolio-1 .fusion-portfolio-content{ padding: 25px 25px 25px 25px; text-align: left; }<\/style><div class=\"fusion-recent-works fusion-portfolio-element fusion-portfolio fusion-portfolio-1 fusion-portfolio-grid fusion-portfolio-paging-none fusion-portfolio-four fusion-portfolio-boxed fusion-portfolio-text fusion-portfolio-rollover\" data-id=\"-rw-1\" data-columns=\"four\"><style type=\"text\/css\">.fusion-portfolio-1 .fusion-portfolio-wrapper .fusion-col-spacing{padding:20px;}<\/style><div class=\"fusion-portfolio-wrapper\" id=\"fusion-portfolio-1\" data-picturesize=\"auto\" data-pages=\"1\" style=\"margin:-20px;\"><article id=\"portfolio-1-post-13158\" class=\"fusion-portfolio-post kippen maschinen fusion-col-spacing post-13158\"><div class=\"fusion-portfolio-content-wrapper\" style=\"border:1px solid #ebeaea;border-bottom-width:3px;background-color:rgba(232,130,37,1);\"><div  class=\"fusion-image-wrapper\" aria-haspopup=\"true\">\n\t\t\t\t<img width=\"1024\" height=\"1024\" src=\"https:\/\/www.allroundvp.com\/wp-content\/uploads\/2017\/08\/Droplimit.png\" class=\"attachment-full size-full wp-post-image\" alt=\"Droplimit ZD 160\" srcset=\"https:\/\/www.allroundvp.com\/wp-content\/uploads\/2017\/08\/Droplimit-200x200.png 200w, https:\/\/www.allroundvp.com\/wp-content\/uploads\/2017\/08\/Droplimit-400x400.png 400w, https:\/\/www.allroundvp.com\/wp-content\/uploads\/2017\/08\/Droplimit-600x600.png 600w, https:\/\/www.allroundvp.com\/wp-content\/uploads\/2017\/08\/Droplimit-800x800.png 800w, https:\/\/www.allroundvp.com\/wp-content\/uploads\/2017\/08\/Droplimit.png 1024w\" sizes=\"(min-width: 2200px) 100vw, (min-width: 856px) 263px, (min-width: 784px) 350px, (min-width: 712px) 525px, (min-width: 640px) 712px, \" \/><div class=\"fusion-rollover\">\n\t<div class=\"fusion-rollover-content\">\n\n\t\t\t\t\t\t\t\t\t\t\t\t\t\t<a class=\"fusion-rollover-link\" href=\"https:\/\/www.allroundvp.com\/de\/portfolio-items\/fallgrenze-kistenkipper\/\">Fallgrenze kistenkipper<\/a>\n\t\t\t\n\t\t\t\t\t\t\t\t\n\t\t\n\t\t\t\t\t\t\t\t\t\t\t\t<h4 class=\"fusion-rollover-title\">\n\t\t\t\t\t<a class=\"fusion-rollover-title-link\" href=\"https:\/\/www.allroundvp.com\/de\/portfolio-items\/fallgrenze-kistenkipper\/\">\n\t\t\t\t\t\tFallgrenze kistenkipper\t\t\t\t\t<\/a>\n\t\t\t\t<\/h4>\n\t\t\t\n\t\t\t\t\t\t\t\t\n\t\t\n\t\t\t\t\t\t<a class=\"fusion-link-wrapper\" href=\"https:\/\/www.allroundvp.com\/de\/portfolio-items\/fallgrenze-kistenkipper\/\" aria-label=\"Fallgrenze kistenkipper\"><\/a>\n\t<\/div>\n<\/div>\n<\/div>\n<div class=\"fusion-portfolio-content\" style=\"background-color:rgba(232,130,37,1);\"><h2 class=\"entry-title fusion-post-title\"><a href=\"https:\/\/www.allroundvp.com\/de\/portfolio-items\/fallgrenze-kistenkipper\/\">Fallgrenze kistenkipper<\/a><\/h2><div class=\"fusion-post-content\"><\/div><\/div><\/div><\/article><article id=\"portfolio-1-post-13172\" class=\"fusion-portfolio-post kippen maschinen fusion-col-spacing post-13172\"><div class=\"fusion-portfolio-content-wrapper\" style=\"border:1px solid #ebeaea;border-bottom-width:3px;background-color:rgba(232,130,37,1);\"><div  class=\"fusion-image-wrapper\" aria-haspopup=\"true\">\n\t\t\t\t<img width=\"1024\" height=\"1024\" src=\"https:\/\/www.allroundvp.com\/wp-content\/uploads\/2017\/08\/Reverse-tipper.png\" class=\"attachment-full size-full wp-post-image\" alt=\"\" srcset=\"https:\/\/www.allroundvp.com\/wp-content\/uploads\/2017\/08\/Reverse-tipper-200x200.png 200w, https:\/\/www.allroundvp.com\/wp-content\/uploads\/2017\/08\/Reverse-tipper-400x400.png 400w, https:\/\/www.allroundvp.com\/wp-content\/uploads\/2017\/08\/Reverse-tipper-600x600.png 600w, https:\/\/www.allroundvp.com\/wp-content\/uploads\/2017\/08\/Reverse-tipper-800x800.png 800w, https:\/\/www.allroundvp.com\/wp-content\/uploads\/2017\/08\/Reverse-tipper.png 1024w\" sizes=\"(min-width: 2200px) 100vw, (min-width: 856px) 263px, (min-width: 784px) 350px, (min-width: 712px) 525px, (min-width: 640px) 712px, \" \/><div class=\"fusion-rollover\">\n\t<div class=\"fusion-rollover-content\">\n\n\t\t\t\t\t\t\t\t\t\t\t\t\t\t<a class=\"fusion-rollover-link\" href=\"https:\/\/www.allroundvp.com\/de\/portfolio-items\/kipper-umkehren\/\">Kipper umkehren<\/a>\n\t\t\t\n\t\t\t\t\t\t\t\t\n\t\t\n\t\t\t\t\t\t\t\t\t\t\t\t<h4 class=\"fusion-rollover-title\">\n\t\t\t\t\t<a class=\"fusion-rollover-title-link\" href=\"https:\/\/www.allroundvp.com\/de\/portfolio-items\/kipper-umkehren\/\">\n\t\t\t\t\t\tKipper umkehren\t\t\t\t\t<\/a>\n\t\t\t\t<\/h4>\n\t\t\t\n\t\t\t\t\t\t\t\t\n\t\t\n\t\t\t\t\t\t<a class=\"fusion-link-wrapper\" href=\"https:\/\/www.allroundvp.com\/de\/portfolio-items\/kipper-umkehren\/\" aria-label=\"Kipper umkehren\"><\/a>\n\t<\/div>\n<\/div>\n<\/div>\n<div class=\"fusion-portfolio-content\" style=\"background-color:rgba(232,130,37,1);\"><h2 class=\"entry-title fusion-post-title\"><a href=\"https:\/\/www.allroundvp.com\/de\/portfolio-items\/kipper-umkehren\/\">Kipper umkehren<\/a><\/h2><div class=\"fusion-post-content\"><\/div><\/div><\/div><\/article><article id=\"portfolio-1-post-13178\" class=\"fusion-portfolio-post kippen maschinen fusion-col-spacing post-13178\"><div class=\"fusion-portfolio-content-wrapper\" style=\"border:1px solid #ebeaea;border-bottom-width:3px;background-color:rgba(232,130,37,1);\"><div  class=\"fusion-image-wrapper\" aria-haspopup=\"true\">\n\t\t\t\t<img width=\"1024\" height=\"1024\" src=\"https:\/\/www.allroundvp.com\/wp-content\/uploads\/2020\/09\/Cabbage-BoxTipper-ZC-160.jpg\" class=\"attachment-full size-full wp-post-image\" alt=\"Kohlkasten Kipper-ZC-160\" srcset=\"https:\/\/www.allroundvp.com\/wp-content\/uploads\/2020\/09\/Cabbage-BoxTipper-ZC-160-200x200.jpg 200w, https:\/\/www.allroundvp.com\/wp-content\/uploads\/2020\/09\/Cabbage-BoxTipper-ZC-160-400x400.jpg 400w, https:\/\/www.allroundvp.com\/wp-content\/uploads\/2020\/09\/Cabbage-BoxTipper-ZC-160-600x600.jpg 600w, https:\/\/www.allroundvp.com\/wp-content\/uploads\/2020\/09\/Cabbage-BoxTipper-ZC-160-800x800.jpg 800w, https:\/\/www.allroundvp.com\/wp-content\/uploads\/2020\/09\/Cabbage-BoxTipper-ZC-160.jpg 1024w\" sizes=\"(min-width: 2200px) 100vw, (min-width: 856px) 263px, (min-width: 784px) 350px, (min-width: 712px) 525px, (min-width: 640px) 712px, \" \/><div class=\"fusion-rollover\">\n\t<div class=\"fusion-rollover-content\">\n\n\t\t\t\t\t\t\t\t\t\t\t\t\t\t<a class=\"fusion-rollover-link\" href=\"https:\/\/www.allroundvp.com\/de\/portfolio-items\/kohlkisten-kipper\/\">Kohlkisten Kipper<\/a>\n\t\t\t\n\t\t\t\t\t\t\t\t\n\t\t\n\t\t\t\t\t\t\t\t\t\t\t\t<h4 class=\"fusion-rollover-title\">\n\t\t\t\t\t<a class=\"fusion-rollover-title-link\" href=\"https:\/\/www.allroundvp.com\/de\/portfolio-items\/kohlkisten-kipper\/\">\n\t\t\t\t\t\tKohlkisten Kipper\t\t\t\t\t<\/a>\n\t\t\t\t<\/h4>\n\t\t\t\n\t\t\t\t\t\t\t\t\n\t\t\n\t\t\t\t\t\t<a class=\"fusion-link-wrapper\" href=\"https:\/\/www.allroundvp.com\/de\/portfolio-items\/kohlkisten-kipper\/\" aria-label=\"Kohlkisten Kipper\"><\/a>\n\t<\/div>\n<\/div>\n<\/div>\n<div class=\"fusion-portfolio-content\" style=\"background-color:rgba(232,130,37,1);\"><h2 class=\"entry-title fusion-post-title\"><a href=\"https:\/\/www.allroundvp.com\/de\/portfolio-items\/kohlkisten-kipper\/\">Kohlkisten Kipper<\/a><\/h2><div class=\"fusion-post-content\"><\/div><\/div><\/div><\/article><\/div><\/div><div class=\"fusion-sep-clear\"><\/div><div class=\"fusion-separator fusion-full-width-sep\" style=\"margin-left: auto;margin-right: auto;margin-bottom:40px;width:100%;\"><\/div><div class=\"fusion-sep-clear\"><\/div><div class=\"fusion-text fusion-text-3\"><p>Ben\u00f6tigen Sie eine Kippbox f\u00fcr Ihre Produktionslinie? Allround bietet viele verschiedene Typen in verschiedenen Gr\u00f6\u00dfen, sodass Sie sicher sind, die Maschinen zu finden, die Sie ben\u00f6tigen. Wir bieten Komplettl\u00f6sungen, die an Ihre Anforderungen angepasst werden k\u00f6nnen und dank unserer kurzen Lieferzeiten schnell an Sie geliefert werden. Dar\u00fcber hinaus haben unsere Ger\u00e4te ein hervorragendes Preis-Leistungs-Verh\u00e4ltnis, was bedeutet, dass Sie High-End-Maschinen zu einem wettbewerbsf\u00e4higen Preis kaufen.<\/p>\n<h2>Finden Sie die perfekte Kippbox f\u00fcr Ihre Produkthandhabungslinie<\/h2>\n<p>Welche Art von Kippbox am besten zu Ihren Anforderungen passt, h\u00e4ngt von der Art der Produkte ab, die Sie verarbeiten, der erforderlichen Kapazit\u00e4t und dem Ort, an dem sie in Ihrem Produkt platziert werden<a class=\"atag\" href=\"https:\/\/www.allroundvp.com\/de\/lebensmittelproduktionslinien\/\"> Flie\u00dfband<\/a> . Allround bietet eine Vielzahl von Kippboxen, darunter:<\/p>\n<ul>\n<li>Ein Kastenkipper mit einem<a class=\"atag\" href=\"https:\/\/www.allroundvp.com\/machines\/hoppers\/\"> Vorratsbeh\u00e4lter<\/a> Das ist haupts\u00e4chlich f\u00fcr die Handhabung von Kartoffeln und Zwiebeln.<\/li>\n<li>Ein einfacher Kipper, der Ihre Verarbeitungslinie oder Maschinen versorgt.<\/li>\n<li>Ein Drop-Limit-Kipper, der den Sturzschaden auf ein Minimum reduziert.<\/li>\n<li>Ein Reverse-Box-Kipper f\u00fcr minimale Produktsch\u00e4den.<\/li>\n<li>Ein Kohl<a class=\"atag\" href=\"https:\/\/www.allroundvp.com\/machines\/filling\/\"> Kastenf\u00fcller<\/a> das dreht die Box auf einen Riemen und speist dann die Linie.<\/li>\n<\/ul>\n<p>Dank unserer breiten Produktpalette finden Sie sicher die<a class=\"atag\" href=\"https:\/\/www.allroundvp.com\/de\/lebensmittelverarbeitungsmaschinen\/\"> Produktionsmaschinen<\/a> du brauchst. Sollten Sie eine andere Maschinengr\u00f6\u00dfe oder eine Maschine mit ver\u00e4nderter Kapazit\u00e4t ben\u00f6tigen, k\u00f6nnen wir eine ma\u00dfgeschneiderte L\u00f6sung liefern.<\/p>\n<h3>Profitieren Sie von wettbewerbsf\u00e4higen Preisen und schneller Lieferung<\/h3>\n<p>Sie kaufen nicht nur eine Kippbox zu einem hervorragenden Preis-Leistungs-Verh\u00e4ltnis, wenn Sie sie bei uns kaufen, sondern profitieren auch von einer schnellen Lieferung. Auf diese Weise k\u00f6nnen Sie Ihre Produktionslinie so schnell wie m\u00f6glich in Betrieb nehmen und es geht keine wertvolle Zeit verloren. M\u00f6chten Sie ein Angebot f\u00fcr eine Trinkgeldbox oder ben\u00f6tigen Sie weitere Informationen? Kontaktieren Sie uns telefonisch<a class=\"atag1\" href=\"tel:0031228597777\"> +31 228 597777<\/a> oder indem Sie eine E-Mail an senden<a class=\"atag1\" href=\"mailto:info@allroundvp.nl\"> info@allroundvp.nl<\/a> .<\/p>\n<\/div><div class=\"fusion-clearfix\"><\/div><\/div><\/div><\/div><\/div>\n","protected":false},"excerpt":{"rendered":"","protected":false},"author":2,"featured_media":0,"parent":11652,"menu_order":0,"comment_status":"closed","ping_status":"closed","template":"100-width.php","meta":{"_monsterinsights_skip_tracking":false,"_monsterinsights_sitenote_active":false,"_monsterinsights_sitenote_note":"","_monsterinsights_sitenote_category":0},"yoast_head":"<!-- This site is optimized with the Yoast SEO plugin v19.4 - https:\/\/yoast.com\/wordpress\/plugins\/seo\/ -->\n<title>Kippen - Allround Vegetable Processing<\/title>\n<meta name=\"description\" content=\"Suchen Sie eine Kippbox, die perfekt zu Ihrer Produktionslinie passt? Kontaktiere uns! Wir k\u00f6nnen eine ma\u00dfgeschneiderte L\u00f6sung liefern, die alle Ihre Anforderungen erf\u00fcllt.\" \/>\n<meta name=\"robots\" content=\"index, follow, max-snippet:-1, max-image-preview:large, max-video-preview:-1\" \/>\n<link rel=\"canonical\" href=\"https:\/\/www.allroundvp.com\/de\/machines\/kippen\/\" \/>\n<meta property=\"og:locale\" content=\"de_DE\" \/>\n<meta property=\"og:type\" content=\"article\" \/>\n<meta property=\"og:title\" content=\"Kippen - Allround Vegetable Processing\" \/>\n<meta property=\"og:description\" content=\"Suchen Sie eine Kippbox, die perfekt zu Ihrer Produktionslinie passt? Kontaktiere uns! Wir k\u00f6nnen eine ma\u00dfgeschneiderte L\u00f6sung liefern, die alle Ihre Anforderungen erf\u00fcllt.\" \/>\n<meta property=\"og:url\" content=\"https:\/\/www.allroundvp.com\/de\/machines\/kippen\/\" \/>\n<meta property=\"og:site_name\" content=\"Allround Vegetable Processing\" \/>\n<meta property=\"article:modified_time\" content=\"2021-05-31T04:47:32+00:00\" \/>\n<meta name=\"twitter:card\" content=\"summary_large_image\" \/>\n<meta name=\"twitter:site\" content=\"@allroundvp\" \/>\n<meta name=\"twitter:label1\" content=\"Gesch\u00e4tzte Lesezeit\" \/>\n\t<meta name=\"twitter:data1\" content=\"6\u00a0Minuten\" \/>\n<script type=\"application\/ld+json\" class=\"yoast-schema-graph\">{\"@context\":\"https:\/\/schema.org\",\"@graph\":[{\"@type\":\"Organization\",\"@id\":\"https:\/\/www.allroundvp.com\/#organization\",\"name\":\"Allround Vegetable Processing Machines\",\"url\":\"https:\/\/www.allroundvp.com\/\",\"sameAs\":[\"https:\/\/www.linkedin.com\/company\/allround-vegetable-processing-b.v.\/\",\"https:\/\/www.youtube.com\/AllroundVegetableProcessing\",\"https:\/\/twitter.com\/allroundvp\"],\"logo\":{\"@type\":\"ImageObject\",\"inLanguage\":\"de\",\"@id\":\"https:\/\/www.allroundvp.com\/#\/schema\/logo\/image\/\",\"url\":\"https:\/\/www.allroundvp.com\/wp-content\/uploads\/2020\/07\/allround_vegetable_processing_dlogo.png\",\"contentUrl\":\"https:\/\/www.allroundvp.com\/wp-content\/uploads\/2020\/07\/allround_vegetable_processing_dlogo.png\",\"width\":150,\"height\":90,\"caption\":\"Allround Vegetable Processing Machines\"},\"image\":{\"@id\":\"https:\/\/www.allroundvp.com\/#\/schema\/logo\/image\/\"}},{\"@type\":\"WebSite\",\"@id\":\"https:\/\/www.allroundvp.com\/#website\",\"url\":\"https:\/\/www.allroundvp.com\/\",\"name\":\"Allround Vegetable Processing\",\"description\":\"Welcome on Allround Vegetable Processing\",\"publisher\":{\"@id\":\"https:\/\/www.allroundvp.com\/#organization\"},\"potentialAction\":[{\"@type\":\"SearchAction\",\"target\":{\"@type\":\"EntryPoint\",\"urlTemplate\":\"https:\/\/www.allroundvp.com\/?s={search_term_string}\"},\"query-input\":\"required name=search_term_string\"}],\"inLanguage\":\"de\"},{\"@type\":\"WebPage\",\"@id\":\"https:\/\/www.allroundvp.com\/de\/machines\/kippen\/\",\"url\":\"https:\/\/www.allroundvp.com\/de\/machines\/kippen\/\",\"name\":\"Kippen - Allround Vegetable Processing\",\"isPartOf\":{\"@id\":\"https:\/\/www.allroundvp.com\/#website\"},\"datePublished\":\"2021-05-13T05:28:05+00:00\",\"dateModified\":\"2021-05-31T04:47:32+00:00\",\"description\":\"Suchen Sie eine Kippbox, die perfekt zu Ihrer Produktionslinie passt? Kontaktiere uns! Wir k\u00f6nnen eine ma\u00dfgeschneiderte L\u00f6sung liefern, die alle Ihre Anforderungen erf\u00fcllt.\",\"breadcrumb\":{\"@id\":\"https:\/\/www.allroundvp.com\/de\/machines\/kippen\/#breadcrumb\"},\"inLanguage\":\"de\",\"potentialAction\":[{\"@type\":\"ReadAction\",\"target\":[\"https:\/\/www.allroundvp.com\/de\/machines\/kippen\/\"]}]},{\"@type\":\"BreadcrumbList\",\"@id\":\"https:\/\/www.allroundvp.com\/de\/machines\/kippen\/#breadcrumb\",\"itemListElement\":[{\"@type\":\"ListItem\",\"position\":1,\"name\":\"Home\",\"item\":\"https:\/\/www.allroundvp.com\/de\/\"},{\"@type\":\"ListItem\",\"position\":2,\"name\":\"Maschinen\",\"item\":\"https:\/\/www.allroundvp.com\/de\/machines\/\"},{\"@type\":\"ListItem\",\"position\":3,\"name\":\"Kippen\"}]}]}<\/script>\n<!-- \/ Yoast SEO plugin. -->","yoast_head_json":{"title":"Kippen - Allround Vegetable Processing","description":"Suchen Sie eine Kippbox, die perfekt zu Ihrer Produktionslinie passt? Kontaktiere uns! Wir k\u00f6nnen eine ma\u00dfgeschneiderte L\u00f6sung liefern, die alle Ihre Anforderungen erf\u00fcllt.","robots":{"index":"index","follow":"follow","max-snippet":"max-snippet:-1","max-image-preview":"max-image-preview:large","max-video-preview":"max-video-preview:-1"},"canonical":"https:\/\/www.allroundvp.com\/de\/machines\/kippen\/","og_locale":"de_DE","og_type":"article","og_title":"Kippen - Allround Vegetable Processing","og_description":"Suchen Sie eine Kippbox, die perfekt zu Ihrer Produktionslinie passt? Kontaktiere uns! Wir k\u00f6nnen eine ma\u00dfgeschneiderte L\u00f6sung liefern, die alle Ihre Anforderungen erf\u00fcllt.","og_url":"https:\/\/www.allroundvp.com\/de\/machines\/kippen\/","og_site_name":"Allround Vegetable Processing","article_modified_time":"2021-05-31T04:47:32+00:00","twitter_card":"summary_large_image","twitter_site":"@allroundvp","twitter_misc":{"Gesch\u00e4tzte Lesezeit":"6\u00a0Minuten"},"schema":{"@context":"https:\/\/schema.org","@graph":[{"@type":"Organization","@id":"https:\/\/www.allroundvp.com\/#organization","name":"Allround Vegetable Processing Machines","url":"https:\/\/www.allroundvp.com\/","sameAs":["https:\/\/www.linkedin.com\/company\/allround-vegetable-processing-b.v.\/","https:\/\/www.youtube.com\/AllroundVegetableProcessing","https:\/\/twitter.com\/allroundvp"],"logo":{"@type":"ImageObject","inLanguage":"de","@id":"https:\/\/www.allroundvp.com\/#\/schema\/logo\/image\/","url":"https:\/\/www.allroundvp.com\/wp-content\/uploads\/2020\/07\/allround_vegetable_processing_dlogo.png","contentUrl":"https:\/\/www.allroundvp.com\/wp-content\/uploads\/2020\/07\/allround_vegetable_processing_dlogo.png","width":150,"height":90,"caption":"Allround Vegetable Processing Machines"},"image":{"@id":"https:\/\/www.allroundvp.com\/#\/schema\/logo\/image\/"}},{"@type":"WebSite","@id":"https:\/\/www.allroundvp.com\/#website","url":"https:\/\/www.allroundvp.com\/","name":"Allround Vegetable Processing","description":"Welcome on Allround Vegetable Processing","publisher":{"@id":"https:\/\/www.allroundvp.com\/#organization"},"potentialAction":[{"@type":"SearchAction","target":{"@type":"EntryPoint","urlTemplate":"https:\/\/www.allroundvp.com\/?s={search_term_string}"},"query-input":"required name=search_term_string"}],"inLanguage":"de"},{"@type":"WebPage","@id":"https:\/\/www.allroundvp.com\/de\/machines\/kippen\/","url":"https:\/\/www.allroundvp.com\/de\/machines\/kippen\/","name":"Kippen - Allround Vegetable Processing","isPartOf":{"@id":"https:\/\/www.allroundvp.com\/#website"},"datePublished":"2021-05-13T05:28:05+00:00","dateModified":"2021-05-31T04:47:32+00:00","description":"Suchen Sie eine Kippbox, die perfekt zu Ihrer Produktionslinie passt? Kontaktiere uns! Wir k\u00f6nnen eine ma\u00dfgeschneiderte L\u00f6sung liefern, die alle Ihre Anforderungen erf\u00fcllt.","breadcrumb":{"@id":"https:\/\/www.allroundvp.com\/de\/machines\/kippen\/#breadcrumb"},"inLanguage":"de","potentialAction":[{"@type":"ReadAction","target":["https:\/\/www.allroundvp.com\/de\/machines\/kippen\/"]}]},{"@type":"BreadcrumbList","@id":"https:\/\/www.allroundvp.com\/de\/machines\/kippen\/#breadcrumb","itemListElement":[{"@type":"ListItem","position":1,"name":"Home","item":"https:\/\/www.allroundvp.com\/de\/"},{"@type":"ListItem","position":2,"name":"Maschinen","item":"https:\/\/www.allroundvp.com\/de\/machines\/"},{"@type":"ListItem","position":3,"name":"Kippen"}]}]}},"_links":{"self":[{"href":"https:\/\/www.allroundvp.com\/de\/wp-json\/wp\/v2\/pages\/12411"}],"collection":[{"href":"https:\/\/www.allroundvp.com\/de\/wp-json\/wp\/v2\/pages"}],"about":[{"href":"https:\/\/www.allroundvp.com\/de\/wp-json\/wp\/v2\/types\/page"}],"author":[{"embeddable":true,"href":"https:\/\/www.allroundvp.com\/de\/wp-json\/wp\/v2\/users\/2"}],"replies":[{"embeddable":true,"href":"https:\/\/www.allroundvp.com\/de\/wp-json\/wp\/v2\/comments?post=12411"}],"version-history":[{"count":0,"href":"https:\/\/www.allroundvp.com\/de\/wp-json\/wp\/v2\/pages\/12411\/revisions"}],"up":[{"embeddable":true,"href":"https:\/\/www.allroundvp.com\/de\/wp-json\/wp\/v2\/pages\/11652"}],"wp:attachment":[{"href":"https:\/\/www.allroundvp.com\/de\/wp-json\/wp\/v2\/media?parent=12411"}],"curies":[{"name":"wp","href":"https:\/\/api.w.org\/{rel}","templated":true}]}}