{"id":12362,"date":"2021-05-12T17:14:45","date_gmt":"2021-05-12T17:14:45","guid":{"rendered":"https:\/\/www.allroundvp.com\/machines\/palettiermaschine\/"},"modified":"2021-05-31T04:21:28","modified_gmt":"2021-05-31T04:21:28","slug":"palettiermaschine","status":"publish","type":"page","link":"https:\/\/www.allroundvp.com\/de\/machines\/palettiermaschine\/","title":{"rendered":"Palettiermaschine"},"content":{"rendered":"<div class=\"fusion-fullwidth fullwidth-box fusion-builder-row-1 hundred-percent-fullwidth non-hundred-percent-height-scrolling fusion-equal-height-columns\" style=\"background-color: rgba(255,255,255,0);background-position: center center;background-repeat: no-repeat;padding-top:30px;padding-right:40px;padding-bottom:40px;padding-left:40px;margin-bottom: 0px;margin-top: 0px;border-width: 0px 0px 0px 0px;border-color:#eae9e9;border-style:solid;\" ><div class=\"fusion-builder-row fusion-row\"><div class=\"fusion-layout-column fusion_builder_column fusion-builder-column-0 fusion_builder_column_1_1 1_1 fusion-one-full fusion-column-first fusion-column-last fusion-no-medium-visibility fusion-no-large-visibility\" style=\"margin-top:0px;margin-bottom:20px;\"><div class=\"fusion-column-wrapper fusion-flex-column-wrapper-legacy\" style=\"background-position:left top;background-repeat:no-repeat;-webkit-background-size:cover;-moz-background-size:cover;-o-background-size:cover;background-size:cover;padding: 0px 0px 0px 0px;\"><style type=\"text\/css\">#accordion-12362-1 .fusion-panel:hover, #accordion-12362-1 .fusion-panel.hover{ background-color: #2a3b49 } #accordion-12362-1 .fusion-panel { border-color:#cccccc; border-width:0px; background-color:#2a3b49; }.fusion-accordian  #accordion-12362-1 .panel-title a .fa-fusion-box{ color: #ffffff;}.fusion-accordian  #accordion-12362-1 .panel-title a .fa-fusion-box:before{ font-size: 13px; width: 13px;}.fusion-accordian  #accordion-12362-1 .panel-title a{font-size:14px;color:#7b848c;font-family:\"Open Sans\";font-weight:400;}.fusion-accordian  #accordion-12362-1 .toggle-content{font-size:14px;color:#2a3b49;font-family:\"Open Sans\";font-weight:400;}.fusion-accordian  #accordion-12362-1 .fa-fusion-box { background-color: #333333;border-color: #333333;}.fusion-accordian  #accordion-12362-1 .panel-title a:not(.active):hover, #accordion-12362-1 .fusion-toggle-boxed-mode:hover .panel-title a { color: #e88225;}.fusion-accordian  #accordion-12362-1 .panel-title .active .fa-fusion-box,.fusion-accordian  #accordion-12362-1 .panel-title a:not(.active):hover .fa-fusion-box { background-color: #e88225!important;border-color: #e88225!important;}<\/style><div class=\"accordian fusion-accordian\"><div class=\"panel-group\" id=\"accordion-12362-1\"><style type=\"text\/css\">.fusion-accordian  #accordion-12362-1 .panel-ea9979212661b4edd .panel-title a{}.fusion-accordian  #accordion-12362-1 .panel-ea9979212661b4edd .toggle-content{}<\/style><div class=\"fusion-panel panel-default panel-ea9979212661b4edd fusion-toggle-no-divider fusion-toggle-boxed-mode\"><div class=\"panel-heading\"><h4 class=\"panel-title toggle\" id=\"toggle_ea9979212661b4edd\"><a aria-expanded=\"false\" aria-controls=\"ea9979212661b4edd\" role=\"button\" data-toggle=\"collapse\" data-parent=\"#accordion-12362-1\" data-target=\"#ea9979212661b4edd\" href=\"#ea9979212661b4edd\"><span class=\"fusion-toggle-icon-wrapper\" aria-hidden=\"true\"><i class=\"fa-fusion-box active-icon awb-icon-minus\" aria-hidden=\"true\"><\/i><i class=\"fa-fusion-box inactive-icon awb-icon-plus\" aria-hidden=\"true\"><\/i><\/span><span class=\"fusion-toggle-heading\">Maschinenkategorien<\/span><\/a><\/h4><\/div><div id=\"ea9979212661b4edd\" class=\"panel-collapse collapse \" araia-labelledby=\"toggle_ea9979212661b4edd\"><div class=\"panel-body toggle-content fusion-clearfix\">\n<ul class=\"sidebar-categories-mobile\">\n<li><a href=\"https:\/\/www.allroundvp.com\/de\/machines\/polieren\/\">Polieren<\/a><\/li>\n<li><a href=\"https:\/\/www.allroundvp.com\/de\/machines\/gemuesereinigungsmaschine\/\">Reinigung<\/a><\/li>\n<li><a href=\"https:\/\/www.allroundvp.com\/de\/machines\/sortiermaschinen\/\">Sortierung<\/a><\/li>\n<li><a href=\"https:\/\/www.allroundvp.com\/de\/machines\/bunkermaschine\/\">Bunker<\/a><\/li>\n<li><a href=\"https:\/\/www.allroundvp.com\/de\/machines\/gemuesetrockner\/\">Trocknung<\/a><\/li>\n<li><a href=\"https:\/\/www.allroundvp.com\/de\/machines\/handhabung\/\">Handhabung<\/a><\/li>\n<li><a href=\"https:\/\/www.allroundvp.com\/de\/machines\/abkuehlung\/\">Abk\u00fchlung<\/a><\/li>\n<li><a href=\"https:\/\/www.allroundvp.com\/de\/machines\/kippen\/\">Kippen<\/a><\/li>\n<li><a href=\"https:\/\/www.allroundvp.com\/de\/machines\/inspektion\/\">Inspektion<\/a><\/li>\n<li><a href=\"https:\/\/www.allroundvp.com\/de\/machines\/kistenfuellung\/\">Abf\u00fcllung<\/a><\/li>\n<li><strong>Palettierung<\/strong><\/li>\n<li><a href=\"https:\/\/www.allroundvp.com\/de\/machines\/absacken\/\">Absacken<\/a><\/li>\n<\/ul>\n<\/div><\/div><\/div><\/div><\/div><div class=\"fusion-clearfix\"><\/div><\/div><\/div><div class=\"fusion-layout-column fusion_builder_column fusion-builder-column-1 fusion_builder_column_1_6 1_6 fusion-one-sixth fusion-column-first allround-categories fusion-no-small-visibility\" style=\"width:16.666666666667%;width:calc(16.666666666667% - ( ( 40px ) * 0.16666666666667 ) );margin-right: 40px;margin-top:0px;margin-bottom:20px;\"><div class=\"fusion-column-wrapper fusion-flex-column-wrapper-legacy\" style=\"background-position:left top;background-repeat:no-repeat;-webkit-background-size:cover;-moz-background-size:cover;-o-background-size:cover;background-size:cover;background-color:#2a3b49;padding: 5% 15% 5% 15%;\"><div class=\"fusion-text fusion-text-1\"><h3><a href=\"https:\/\/www.allroundvp.com\/de\/machines\/\"><span style=\"color: #ffffff;\">Maschinenkategorien<\/span><\/a><\/h3>\n<ul class=\"sidebar-categories\">\n<li><a href=\"https:\/\/www.allroundvp.com\/de\/machines\/polieren\/\">Polieren<\/a><\/li>\n<li><a href=\"https:\/\/www.allroundvp.com\/de\/machines\/gemuesereinigungsmaschine\/\">Reinigung<\/a><\/li>\n<li><a href=\"https:\/\/www.allroundvp.com\/de\/machines\/sortiermaschinen\/\">Sortierung<\/a><\/li>\n<li><a href=\"https:\/\/www.allroundvp.com\/de\/machines\/bunkermaschine\/\">Bunker<\/a><\/li>\n<li><a href=\"https:\/\/www.allroundvp.com\/de\/machines\/gemuesetrockner\/\">Trocknung<\/a><\/li>\n<li><a href=\"https:\/\/www.allroundvp.com\/de\/machines\/handhabung\/\">Handhabung<\/a><\/li>\n<li><a href=\"https:\/\/www.allroundvp.com\/de\/machines\/abkuehlung\/\">Abk\u00fchlung<\/a><\/li>\n<li><a href=\"https:\/\/www.allroundvp.com\/de\/machines\/kippen\/\">Kippen<\/a><\/li>\n<li><a href=\"https:\/\/www.allroundvp.com\/de\/machines\/inspektion\/\">Inspektion<\/a><\/li>\n<li><a href=\"https:\/\/www.allroundvp.com\/de\/machines\/kistenfuellung\/\">Abf\u00fcllung<\/a><\/li>\n<li><strong>Palettierung<\/strong><\/li>\n<li><a href=\"https:\/\/www.allroundvp.com\/de\/machines\/absacken\/\">Absacken<\/a><\/li>\n<\/ul>\n<\/div><div class=\"fusion-clearfix\"><\/div><\/div><\/div><div class=\"fusion-layout-column fusion_builder_column fusion-builder-column-2 fusion_builder_column_5_6 5_6 fusion-five-sixth fusion-column-last machine-portfolio\" style=\"width:83.333333333333%;width:calc(83.333333333333% - ( ( 40px ) * 0.83333333333333 ) );margin-top:0px;margin-bottom:20px;\"><div class=\"fusion-column-wrapper fusion-flex-column-wrapper-legacy\" style=\"background-position:left top;background-repeat:no-repeat;-webkit-background-size:cover;-moz-background-size:cover;-o-background-size:cover;background-size:cover;background-color:rgba(255,255,255,0);padding: 0px 0px 0px 0px;\"><div class=\"fusion-text fusion-text-2\"><h1>Palettiermaschine<\/h1>\n<\/div><div class=\"fusion-sep-clear\"><\/div><div class=\"fusion-separator fusion-full-width-sep\" style=\"margin-left: auto;margin-right: auto;margin-bottom:40px;width:100%;\"><\/div><div class=\"fusion-sep-clear\"><\/div><style type=\"text\/css\">.fusion-portfolio-wrapper#fusion-portfolio-1 .fusion-portfolio-content{ padding: 25px 25px 25px 25px; text-align: left; }<\/style><div class=\"fusion-recent-works fusion-portfolio-element fusion-portfolio fusion-portfolio-1 fusion-portfolio-grid fusion-portfolio-paging-none fusion-portfolio-four fusion-portfolio-boxed fusion-portfolio-text fusion-portfolio-rollover\" data-id=\"-rw-1\" data-columns=\"four\"><style type=\"text\/css\">.fusion-portfolio-1 .fusion-portfolio-wrapper .fusion-col-spacing{padding:20px;}<\/style><div class=\"fusion-portfolio-wrapper\" id=\"fusion-portfolio-1\" data-picturesize=\"auto\" data-pages=\"1\" style=\"margin:-20px;\"><article id=\"portfolio-1-post-12383\" class=\"fusion-portfolio-post palettierung fusion-col-spacing post-12383\"><div class=\"fusion-portfolio-content-wrapper\" style=\"border:1px solid #ebeaea;border-bottom-width:3px;background-color:rgba(232,130,37,1);\"><div  class=\"fusion-image-wrapper\" aria-haspopup=\"true\">\n\t\t\t\t<img width=\"1024\" height=\"1024\" src=\"https:\/\/www.allroundvp.com\/wp-content\/uploads\/2017\/10\/VPM-1.png\" class=\"attachment-full size-full wp-post-image\" alt=\"Palettierer VMP5 Allround\" srcset=\"https:\/\/www.allroundvp.com\/wp-content\/uploads\/2017\/10\/VPM-1-200x200.png 200w, https:\/\/www.allroundvp.com\/wp-content\/uploads\/2017\/10\/VPM-1-400x400.png 400w, https:\/\/www.allroundvp.com\/wp-content\/uploads\/2017\/10\/VPM-1-600x600.png 600w, https:\/\/www.allroundvp.com\/wp-content\/uploads\/2017\/10\/VPM-1-800x800.png 800w, https:\/\/www.allroundvp.com\/wp-content\/uploads\/2017\/10\/VPM-1.png 1024w\" sizes=\"(min-width: 2200px) 100vw, (min-width: 856px) 263px, (min-width: 784px) 350px, (min-width: 712px) 525px, (min-width: 640px) 712px, \" \/><div class=\"fusion-rollover\">\n\t<div class=\"fusion-rollover-content\">\n\n\t\t\t\t\t\t\t\t\t\t\t\t\t\t<a class=\"fusion-rollover-link\" href=\"https:\/\/www.allroundvp.com\/de\/portfolio-items\/palettierer\/\">Palettierer<\/a>\n\t\t\t\n\t\t\t\t\t\t\t\t\n\t\t\n\t\t\t\t\t\t\t\t\t\t\t\t<h4 class=\"fusion-rollover-title\">\n\t\t\t\t\t<a class=\"fusion-rollover-title-link\" href=\"https:\/\/www.allroundvp.com\/de\/portfolio-items\/palettierer\/\">\n\t\t\t\t\t\tPalettierer\t\t\t\t\t<\/a>\n\t\t\t\t<\/h4>\n\t\t\t\n\t\t\t\t\t\t\t\t\n\t\t\n\t\t\t\t\t\t<a class=\"fusion-link-wrapper\" href=\"https:\/\/www.allroundvp.com\/de\/portfolio-items\/palettierer\/\" aria-label=\"Palettierer\"><\/a>\n\t<\/div>\n<\/div>\n<\/div>\n<div class=\"fusion-portfolio-content\" style=\"background-color:rgba(232,130,37,1);\"><h2 class=\"entry-title fusion-post-title\"><a href=\"https:\/\/www.allroundvp.com\/de\/portfolio-items\/palettierer\/\">Palettierer<\/a><\/h2><div class=\"fusion-post-content\"><\/div><\/div><\/div><\/article><article id=\"portfolio-1-post-12373\" class=\"fusion-portfolio-post palettierung fusion-col-spacing post-12373\"><div class=\"fusion-portfolio-content-wrapper\" style=\"border:1px solid #ebeaea;border-bottom-width:3px;background-color:rgba(232,130,37,1);\"><div  class=\"fusion-image-wrapper\" aria-haspopup=\"true\">\n\t\t\t\t<img width=\"1024\" height=\"1024\" src=\"https:\/\/www.allroundvp.com\/wp-content\/uploads\/2020\/08\/palletshapper-ps912.jpg\" class=\"attachment-full size-full wp-post-image\" alt=\"palletshapper-ps912\" srcset=\"https:\/\/www.allroundvp.com\/wp-content\/uploads\/2020\/08\/palletshapper-ps912-200x200.jpg 200w, https:\/\/www.allroundvp.com\/wp-content\/uploads\/2020\/08\/palletshapper-ps912-400x400.jpg 400w, https:\/\/www.allroundvp.com\/wp-content\/uploads\/2020\/08\/palletshapper-ps912-600x600.jpg 600w, https:\/\/www.allroundvp.com\/wp-content\/uploads\/2020\/08\/palletshapper-ps912-800x800.jpg 800w, https:\/\/www.allroundvp.com\/wp-content\/uploads\/2020\/08\/palletshapper-ps912.jpg 1024w\" sizes=\"(min-width: 2200px) 100vw, (min-width: 856px) 263px, (min-width: 784px) 350px, (min-width: 712px) 525px, (min-width: 640px) 712px, \" \/><div class=\"fusion-rollover\">\n\t<div class=\"fusion-rollover-content\">\n\n\t\t\t\t\t\t\t\t\t\t\t\t\t\t<a class=\"fusion-rollover-link\" href=\"https:\/\/www.allroundvp.com\/de\/portfolio-items\/palettenformer\/\">Palettenformer<\/a>\n\t\t\t\n\t\t\t\t\t\t\t\t\n\t\t\n\t\t\t\t\t\t\t\t\t\t\t\t<h4 class=\"fusion-rollover-title\">\n\t\t\t\t\t<a class=\"fusion-rollover-title-link\" href=\"https:\/\/www.allroundvp.com\/de\/portfolio-items\/palettenformer\/\">\n\t\t\t\t\t\tPalettenformer\t\t\t\t\t<\/a>\n\t\t\t\t<\/h4>\n\t\t\t\n\t\t\t\t\t\t\t\t\n\t\t\n\t\t\t\t\t\t<a class=\"fusion-link-wrapper\" href=\"https:\/\/www.allroundvp.com\/de\/portfolio-items\/palettenformer\/\" aria-label=\"Palettenformer\"><\/a>\n\t<\/div>\n<\/div>\n<\/div>\n<div class=\"fusion-portfolio-content\" style=\"background-color:rgba(232,130,37,1);\"><h2 class=\"entry-title fusion-post-title\"><a href=\"https:\/\/www.allroundvp.com\/de\/portfolio-items\/palettenformer\/\">Palettenformer<\/a><\/h2><div class=\"fusion-post-content\"><\/div><\/div><\/div><\/article><\/div><\/div><div class=\"fusion-sep-clear\"><\/div><div class=\"fusion-separator fusion-full-width-sep\" style=\"margin-left: auto;margin-right: auto;margin-bottom:40px;width:100%;\"><\/div><div class=\"fusion-sep-clear\"><\/div><div class=\"fusion-text fusion-text-3\"><p>Ben\u00f6tigen Sie eine Palettiermaschine, um Ihre Einkaufst\u00fcten versandbereit zu machen? Dann hat Allround die Maschine, die Sie brauchen. Unser Palettierer kann beispielsweise Ihre Produkte automatisch palettieren. Es ist eine Kooperation zwischen unserem Unternehmen und Verbruggen Palletizing Solutions, die Ihnen hilft, das Palettieren noch effizienter zu gestalten.<\/p>\n<h2>Kaufen Sie eine Palettiermaschine oder eine komplette Verpackungslinie<\/h2>\n<p>Eine weitere Palettiermaschine, die Sie bei Allround finden, ist der Palettenformer. Dieses Tool kann an Ihr angeschlossen werden<a class=\"atag\" href=\"https:\/\/www.allroundvp.com\/portfolio-items\/weighing-and-bagging-machine\/\"> Absackmaschine<\/a> , so dass S\u00e4cke auf die Palette darin gelegt werden. Sobald die richtige Anzahl von Beuteln auf die Palette gelegt wurde, kann die T\u00fcr ge\u00f6ffnet und die Palette mit einem Gabelstapler herausgehoben werden. Danach kann es verpackt werden und ist versandbereit. Eine Palettiermaschine und komplett<a class=\"atag\" href=\"https:\/\/www.allroundvp.com\/processing-lines\/packaging-lines\/\"> Verpackungslinien<\/a> sind jedoch nicht die einzigen L\u00f6sungen, die wir anbieten. Sie k\u00f6nnen sich auch in anderen Bereichen auf uns verlassen<a class=\"atag\" href=\"https:\/\/www.allroundvp.com\/de\/lebensmittelproduktionslinien\/\"> Flie\u00dfband<\/a> . Unsere Maschinen k\u00f6nnen zum Empfangen, Sortieren, Sortieren, Waschen, Trocknen, Wiegen, Absacken und vielem mehr verwendet werden. Es ist sogar m\u00f6glich, dass wir eine ma\u00dfgeschneiderte Produktionslinie liefern, die alles bietet<a class=\"atag\" href=\"https:\/\/www.allroundvp.com\/de\/linien-maschinen\/\"> die Maschinen<\/a> Sie m\u00fcssen mit Ihrem Gem\u00fcse umgehen.<\/p>\n<h3>Kontaktieren Sie uns, um ein Angebot anzufordern<\/h3>\n<p>Interessieren Sie sich f\u00fcr eine Palettiermaschine oder eine andere Allround-L\u00f6sung? Kontaktieren Sie uns, um ein Angebot anzufordern und sich \u00fcber unser hervorragendes Preis-Leistungsverh\u00e4ltnis zu informieren. Sie erreichen uns telefonisch<a class=\"atag1\" href=\"tel:0031228597777\"> +31 228 597777<\/a> oder senden Sie eine E-Mail an<a class=\"atag1\" href=\"mailto:info@allroundvp.nl\"> info@allroundvp.nl<\/a> . Dank unserer kurzen Lieferzeiten m\u00fcssen Sie nicht lange auf Ihre Ausr\u00fcstung warten.<\/p>\n<\/div><div class=\"fusion-clearfix\"><\/div><\/div><\/div><\/div><\/div>\n","protected":false},"excerpt":{"rendered":"","protected":false},"author":2,"featured_media":0,"parent":11652,"menu_order":0,"comment_status":"closed","ping_status":"closed","template":"100-width.php","meta":{"_monsterinsights_skip_tracking":false,"_monsterinsights_sitenote_active":false,"_monsterinsights_sitenote_note":"","_monsterinsights_sitenote_category":0},"yoast_head":"<!-- This site is optimized with the Yoast SEO plugin v19.4 - https:\/\/yoast.com\/wordpress\/plugins\/seo\/ -->\n<title>Palettiermaschine - Allround Vegetable Processing<\/title>\n<meta name=\"description\" content=\"Machen Sie Ihren Verpackungsprozess mit einer Palettiermaschine noch effizienter. W\u00e4hlen Sie aus zwei verschiedenen Typen, die angepasst werden k\u00f6nnen. Kontaktiere uns!\" \/>\n<meta name=\"robots\" content=\"index, follow, max-snippet:-1, max-image-preview:large, max-video-preview:-1\" \/>\n<link rel=\"canonical\" href=\"https:\/\/www.allroundvp.com\/de\/machines\/palettiermaschine\/\" \/>\n<meta property=\"og:locale\" content=\"de_DE\" \/>\n<meta property=\"og:type\" content=\"article\" \/>\n<meta property=\"og:title\" content=\"Palettiermaschine - Allround Vegetable Processing\" \/>\n<meta property=\"og:description\" content=\"Machen Sie Ihren Verpackungsprozess mit einer Palettiermaschine noch effizienter. W\u00e4hlen Sie aus zwei verschiedenen Typen, die angepasst werden k\u00f6nnen. Kontaktiere uns!\" \/>\n<meta property=\"og:url\" content=\"https:\/\/www.allroundvp.com\/de\/machines\/palettiermaschine\/\" \/>\n<meta property=\"og:site_name\" content=\"Allround Vegetable Processing\" \/>\n<meta property=\"article:modified_time\" content=\"2021-05-31T04:21:28+00:00\" \/>\n<meta name=\"twitter:card\" content=\"summary_large_image\" \/>\n<meta name=\"twitter:site\" content=\"@allroundvp\" \/>\n<meta name=\"twitter:label1\" content=\"Gesch\u00e4tzte Lesezeit\" \/>\n\t<meta name=\"twitter:data1\" content=\"5\u00a0Minuten\" \/>\n<script type=\"application\/ld+json\" class=\"yoast-schema-graph\">{\"@context\":\"https:\/\/schema.org\",\"@graph\":[{\"@type\":\"Organization\",\"@id\":\"https:\/\/www.allroundvp.com\/#organization\",\"name\":\"Allround Vegetable Processing Machines\",\"url\":\"https:\/\/www.allroundvp.com\/\",\"sameAs\":[\"https:\/\/www.linkedin.com\/company\/allround-vegetable-processing-b.v.\/\",\"https:\/\/www.youtube.com\/AllroundVegetableProcessing\",\"https:\/\/twitter.com\/allroundvp\"],\"logo\":{\"@type\":\"ImageObject\",\"inLanguage\":\"de\",\"@id\":\"https:\/\/www.allroundvp.com\/#\/schema\/logo\/image\/\",\"url\":\"https:\/\/www.allroundvp.com\/wp-content\/uploads\/2020\/07\/allround_vegetable_processing_dlogo.png\",\"contentUrl\":\"https:\/\/www.allroundvp.com\/wp-content\/uploads\/2020\/07\/allround_vegetable_processing_dlogo.png\",\"width\":150,\"height\":90,\"caption\":\"Allround Vegetable Processing Machines\"},\"image\":{\"@id\":\"https:\/\/www.allroundvp.com\/#\/schema\/logo\/image\/\"}},{\"@type\":\"WebSite\",\"@id\":\"https:\/\/www.allroundvp.com\/#website\",\"url\":\"https:\/\/www.allroundvp.com\/\",\"name\":\"Allround Vegetable Processing\",\"description\":\"Welcome on Allround Vegetable Processing\",\"publisher\":{\"@id\":\"https:\/\/www.allroundvp.com\/#organization\"},\"potentialAction\":[{\"@type\":\"SearchAction\",\"target\":{\"@type\":\"EntryPoint\",\"urlTemplate\":\"https:\/\/www.allroundvp.com\/?s={search_term_string}\"},\"query-input\":\"required name=search_term_string\"}],\"inLanguage\":\"de\"},{\"@type\":\"WebPage\",\"@id\":\"https:\/\/www.allroundvp.com\/de\/machines\/palettiermaschine\/\",\"url\":\"https:\/\/www.allroundvp.com\/de\/machines\/palettiermaschine\/\",\"name\":\"Palettiermaschine - Allround Vegetable Processing\",\"isPartOf\":{\"@id\":\"https:\/\/www.allroundvp.com\/#website\"},\"datePublished\":\"2021-05-12T17:14:45+00:00\",\"dateModified\":\"2021-05-31T04:21:28+00:00\",\"description\":\"Machen Sie Ihren Verpackungsprozess mit einer Palettiermaschine noch effizienter. W\u00e4hlen Sie aus zwei verschiedenen Typen, die angepasst werden k\u00f6nnen. Kontaktiere uns!\",\"breadcrumb\":{\"@id\":\"https:\/\/www.allroundvp.com\/de\/machines\/palettiermaschine\/#breadcrumb\"},\"inLanguage\":\"de\",\"potentialAction\":[{\"@type\":\"ReadAction\",\"target\":[\"https:\/\/www.allroundvp.com\/de\/machines\/palettiermaschine\/\"]}]},{\"@type\":\"BreadcrumbList\",\"@id\":\"https:\/\/www.allroundvp.com\/de\/machines\/palettiermaschine\/#breadcrumb\",\"itemListElement\":[{\"@type\":\"ListItem\",\"position\":1,\"name\":\"Home\",\"item\":\"https:\/\/www.allroundvp.com\/de\/\"},{\"@type\":\"ListItem\",\"position\":2,\"name\":\"Maschinen\",\"item\":\"https:\/\/www.allroundvp.com\/de\/machines\/\"},{\"@type\":\"ListItem\",\"position\":3,\"name\":\"Palettiermaschine\"}]}]}<\/script>\n<!-- \/ Yoast SEO plugin. -->","yoast_head_json":{"title":"Palettiermaschine - Allround Vegetable Processing","description":"Machen Sie Ihren Verpackungsprozess mit einer Palettiermaschine noch effizienter. W\u00e4hlen Sie aus zwei verschiedenen Typen, die angepasst werden k\u00f6nnen. Kontaktiere uns!","robots":{"index":"index","follow":"follow","max-snippet":"max-snippet:-1","max-image-preview":"max-image-preview:large","max-video-preview":"max-video-preview:-1"},"canonical":"https:\/\/www.allroundvp.com\/de\/machines\/palettiermaschine\/","og_locale":"de_DE","og_type":"article","og_title":"Palettiermaschine - Allround Vegetable Processing","og_description":"Machen Sie Ihren Verpackungsprozess mit einer Palettiermaschine noch effizienter. W\u00e4hlen Sie aus zwei verschiedenen Typen, die angepasst werden k\u00f6nnen. Kontaktiere uns!","og_url":"https:\/\/www.allroundvp.com\/de\/machines\/palettiermaschine\/","og_site_name":"Allround Vegetable Processing","article_modified_time":"2021-05-31T04:21:28+00:00","twitter_card":"summary_large_image","twitter_site":"@allroundvp","twitter_misc":{"Gesch\u00e4tzte Lesezeit":"5\u00a0Minuten"},"schema":{"@context":"https:\/\/schema.org","@graph":[{"@type":"Organization","@id":"https:\/\/www.allroundvp.com\/#organization","name":"Allround Vegetable Processing Machines","url":"https:\/\/www.allroundvp.com\/","sameAs":["https:\/\/www.linkedin.com\/company\/allround-vegetable-processing-b.v.\/","https:\/\/www.youtube.com\/AllroundVegetableProcessing","https:\/\/twitter.com\/allroundvp"],"logo":{"@type":"ImageObject","inLanguage":"de","@id":"https:\/\/www.allroundvp.com\/#\/schema\/logo\/image\/","url":"https:\/\/www.allroundvp.com\/wp-content\/uploads\/2020\/07\/allround_vegetable_processing_dlogo.png","contentUrl":"https:\/\/www.allroundvp.com\/wp-content\/uploads\/2020\/07\/allround_vegetable_processing_dlogo.png","width":150,"height":90,"caption":"Allround Vegetable Processing Machines"},"image":{"@id":"https:\/\/www.allroundvp.com\/#\/schema\/logo\/image\/"}},{"@type":"WebSite","@id":"https:\/\/www.allroundvp.com\/#website","url":"https:\/\/www.allroundvp.com\/","name":"Allround Vegetable Processing","description":"Welcome on Allround Vegetable Processing","publisher":{"@id":"https:\/\/www.allroundvp.com\/#organization"},"potentialAction":[{"@type":"SearchAction","target":{"@type":"EntryPoint","urlTemplate":"https:\/\/www.allroundvp.com\/?s={search_term_string}"},"query-input":"required name=search_term_string"}],"inLanguage":"de"},{"@type":"WebPage","@id":"https:\/\/www.allroundvp.com\/de\/machines\/palettiermaschine\/","url":"https:\/\/www.allroundvp.com\/de\/machines\/palettiermaschine\/","name":"Palettiermaschine - Allround Vegetable Processing","isPartOf":{"@id":"https:\/\/www.allroundvp.com\/#website"},"datePublished":"2021-05-12T17:14:45+00:00","dateModified":"2021-05-31T04:21:28+00:00","description":"Machen Sie Ihren Verpackungsprozess mit einer Palettiermaschine noch effizienter. W\u00e4hlen Sie aus zwei verschiedenen Typen, die angepasst werden k\u00f6nnen. Kontaktiere uns!","breadcrumb":{"@id":"https:\/\/www.allroundvp.com\/de\/machines\/palettiermaschine\/#breadcrumb"},"inLanguage":"de","potentialAction":[{"@type":"ReadAction","target":["https:\/\/www.allroundvp.com\/de\/machines\/palettiermaschine\/"]}]},{"@type":"BreadcrumbList","@id":"https:\/\/www.allroundvp.com\/de\/machines\/palettiermaschine\/#breadcrumb","itemListElement":[{"@type":"ListItem","position":1,"name":"Home","item":"https:\/\/www.allroundvp.com\/de\/"},{"@type":"ListItem","position":2,"name":"Maschinen","item":"https:\/\/www.allroundvp.com\/de\/machines\/"},{"@type":"ListItem","position":3,"name":"Palettiermaschine"}]}]}},"_links":{"self":[{"href":"https:\/\/www.allroundvp.com\/de\/wp-json\/wp\/v2\/pages\/12362"}],"collection":[{"href":"https:\/\/www.allroundvp.com\/de\/wp-json\/wp\/v2\/pages"}],"about":[{"href":"https:\/\/www.allroundvp.com\/de\/wp-json\/wp\/v2\/types\/page"}],"author":[{"embeddable":true,"href":"https:\/\/www.allroundvp.com\/de\/wp-json\/wp\/v2\/users\/2"}],"replies":[{"embeddable":true,"href":"https:\/\/www.allroundvp.com\/de\/wp-json\/wp\/v2\/comments?post=12362"}],"version-history":[{"count":0,"href":"https:\/\/www.allroundvp.com\/de\/wp-json\/wp\/v2\/pages\/12362\/revisions"}],"up":[{"embeddable":true,"href":"https:\/\/www.allroundvp.com\/de\/wp-json\/wp\/v2\/pages\/11652"}],"wp:attachment":[{"href":"https:\/\/www.allroundvp.com\/de\/wp-json\/wp\/v2\/media?parent=12362"}],"curies":[{"name":"wp","href":"https:\/\/api.w.org\/{rel}","templated":true}]}}