{"id":12179,"date":"2021-04-05T10:17:54","date_gmt":"2021-04-05T10:17:54","guid":{"rendered":"https:\/\/www.allroundvp.com\/nutzungsbedingungen\/"},"modified":"2021-04-05T10:17:55","modified_gmt":"2021-04-05T10:17:55","slug":"nutzungsbedingungen","status":"publish","type":"page","link":"https:\/\/www.allroundvp.com\/de\/nutzungsbedingungen\/","title":{"rendered":"Nutzungsbedingungen"},"content":{"rendered":"<div class=\"fusion-fullwidth fullwidth-box fusion-builder-row-1 nonhundred-percent-fullwidth non-hundred-percent-height-scrolling\" style=\"background-color: rgba(255,255,255,0);background-position: center center;background-repeat: no-repeat;padding-top:0px;padding-right:0px;padding-bottom:0px;padding-left:0px;margin-bottom: 0px;margin-top: 0px;border-width: 0px 0px 0px 0px;border-color:#eae9e9;border-style:solid;\" ><div class=\"fusion-builder-row fusion-row\"><div class=\"fusion-layout-column fusion_builder_column fusion-builder-column-0 fusion_builder_column_1_1 1_1 fusion-one-full fusion-column-first fusion-column-last shadow-element\" style=\"margin-top:20px;margin-bottom:20px;\"><div class=\"fusion-column-wrapper fusion-flex-column-wrapper-legacy\" style=\"background-position:left top;background-repeat:no-repeat;-webkit-background-size:cover;-moz-background-size:cover;-o-background-size:cover;background-size:cover;background-color:#fcfcfc;padding: 50px 80px 50px 80px;\"><div class=\"fusion-text fusion-text-1\"><h2>Nutzungsbedingungen der Allround Vegetable Processing B.V.<\/h2>\n<p>Die vorliegenden Nutzungsbedingungen beschreiben die Regeln und Vorschriften f\u00fcr die Nutzung der Website von Allround Vegetable Processing B.V.<\/p>\n<p><span style=\"text-transform: capitalize;\"> Allround Vegetable Processing B.V.<\/span> ist ans\u00e4ssig in:<br \/>\nHandelsweg 5, 1619 BJ Andijk<br \/>\nProvinz Noord-Holland \u2013 Niederlande<\/p>\n<p>Wenn Sie diese Website aufrufen, gehen wir davon aus, dass Sie diese Nutzungsbedingungen uneingeschr\u00e4nkt akzeptieren. Wenn Sie nicht alle auf dieser Seite festgelegten Nutzungsbedingungen annehmen, m\u00f6chten wir Sie bitten, auf die weitere Nutzung der Website von Allround Vegetable Processing B.V. zu verzichten.<\/p>\n<p>In den vorliegenden Nutzungsbedingungen, der Datenschutz-Erkl\u00e4rung und dem Haftungsausschluss sowie s\u00e4mtlichen Vertr\u00e4gen sind die nachstehenden Begriffe wie folgt definiert: \u201eKunde\u201c, \u201eSie\u201c und \u201eIhr\/Ihre usw.\u201c bezieht sich auf Sie als die Person, die die Website aufgerufen und die Nutzungsbedingungen des Unternehmens akzeptiert hat. \u201eDas Unternehmen\u201c, \u201euns\u201c, \u201ewir\u201c, \u201euns\/unser usw.\u201c  beziehen sich auf unser Unternehmen. \u201ePartei\u201c, \u201eParteien\u201c oder \u201euns\u201c bezieht sich auf sowohl den Kunden und uns selbst, oder entweder auf den Kunden oder uns selbst. Alle Bedingungen beziehen sich auf das Anbieten, die Annahme und die Zahlung der Gegenleistung, die zur optimalen Ausf\u00fchrung des Prozesses unserer Unterst\u00fctzung des Kunden erforderlich sind (entweder in formellen Versammlungen einer bestimmten Dauer oder auf jede andere Weise), wobei dies dem ausdr\u00fccklichen Ziel dienen, die Bed\u00fcrfnisse des Kunden in Bezug auf die Lieferung\/Erbringung der vom Unternehmen beschriebenen Produkte\/Dienstleistungen zu erf\u00fcllen, und zwar nach geltendem niederl\u00e4ndischen Recht. Jede Verwendung der obigen Begriffe oder anderer W\u00f6rter in der Einzahl, in der Mehrzahl, mit gro\u00dfen Anfangsbuchstaben und \/oder in der m\u00e4nnlichen oder weiblichen Form oder der Mehrzahl ist als austauschbar und auf dasselbe verweisend zu verstehen.<\/p>\n<h2>Cookies<\/h2>\n<p>Auf unserer Website benutzen wir Cookies. Durch die Verwendung der Website von Allround Vegetable Processing B.V. stimmen Sie der Verwendung von Cookies entsprechend der Datenschutz-Erkl\u00e4rung von Allround Vegetable Processing B.V. zu.<\/p>\n<p>Die meisten modernen interaktiven Websites verwenden Cookies, mit deren Hilfe man die Benutzer-Angaben f\u00fcr jeden Besuch erfassen kann. In manchen Bereichen unserer Website werden Cookies dazu verwendet, die Funktionalit\u00e4t des jeweiligen Bereichs zu erm\u00f6glichen und den Benutzerkomfort zu verbessern.<\/p>\n<h2>Lizenz<\/h2>\n<p>Au\u00dfer bei anders lautender Angabe sind die geistigen Eigentumsrechte aller Materialien in Bezug auf Allround Vegetable Processing B.V. und\/oder ihre Lizenznehmer das Eigentum von Allround Vegetable Processing B.V. Alle geistigen Eigentumsrechte sind vorbehalten. Sie k\u00f6nnen Seiten von https:\/\/www.allroundvp.com\/ zu Ihrer pers\u00f6nlichen Verwendung betrachten und\/oder ausdrucken, wobei Sie aber die in den vorliegenden Nutzungsbedingungen festgelegten Einschr\u00e4nkungen beachten m\u00fcssen.<\/p>\n<p>Folgendes d\u00fcrfen Sie auf keinen Fall:<\/p>\n<ol>\n<li>Materialien von https:\/\/www.allroundvp.com\/ neu ver\u00f6ffentlichen;<\/li>\n<li>Materialien von https:\/\/www.allroundvp.com\/ verkaufen, vermieten\/verleihen oder unterverlizenzieren;<\/li>\n<li>Materialien von https:\/\/www.allroundvp.com\/ reproduzieren, duplizieren oder kopieren;<\/li>\n<\/ol>\n<p>Inhalte von Allround Vegetable Processing B.V. weitervertreiben (au\u00dfer wenn die Inhalte speziell f\u00fcr den Weitervertrieb bestimmt sind).<\/p>\n<h2>Iframes<\/h2>\n<p>Ohne die vorherige Zustimmung und ausdr\u00fcckliche schriftliche Erlaubnis d\u00fcrfen Sie keine Frames um unsere Webseiten erstellen oder andere Techniken verwenden, die die visuelle Pr\u00e4sentation oder das Aussehen unserer Website in irgendeiner Weise ver\u00e4ndern.<\/p>\n<h2>Vorbehalt der Rechte<\/h2>\n<p>Wir behalten uns das Recht vor, jederzeit und nach unserem alleinigen eigenen Ermessen von Ihnen zu verlangen, dass Sie alle Links bzw. bestimmte Links zu unserer Website l\u00f6schen. Sie erkl\u00e4ren sich damit einverstanden, nach einer solchen Aufforderung unverz\u00fcglich alle Links zu unserer Website zu l\u00f6schen. Wir behalten uns au\u00dferdem das Recht vor, diese Nutzungsbedingungen einschlie\u00dflich der darin enthaltenen Verlinkungsbedingungen jederzeit anzupassen. Indem Sie die Verlinkung zu unserer Website fortsetzen, erkl\u00e4ren Sie sich damit einverstanden, dass Sie an diese Verlinkungsbedingungen gebunden sind und diese einhalten werden.<\/p>\n<h2>L\u00f6schen von Links von unserer Website<\/h2>\n<p>Sollten Sie auf unserer Website oder auf verlinkten Websites Links antreffen, die Sie aus irgendeinem Grund f\u00fcr unzul\u00e4ssig halten, nehmen Sie bitte Kontakt mit uns auf. Wir werden eine Aufforderung zur L\u00f6schung dieser Links in Erw\u00e4gung ziehen, sind aber in keiner Weise dazu verpflichtet, dies auch tats\u00e4chlich zu tun oder Ihnen direkt zu antworten.<\/p>\n<p>Wir bem\u00fchen uns nach besten Kr\u00e4ften darum, dass die Informationen auf dieser Website korrekt sind, k\u00f6nnen aber keinerlei Garantie f\u00fcr ihre Vollst\u00e4ndigkeit oder Genauigkeit geben; wir sind auch nicht dazu verpflichtet, zu gew\u00e4hrleisten, dass die Website verf\u00fcgbar bleibt oder die auf der Website angebotenen Materialien auf dem aktuellen Stand sind.<\/p>\n<h2>Haftung f\u00fcr die Inhalte<\/h2>\n<p>Wir \u00fcbernehmen keinerlei Verantwortung oder Haftung f\u00fcr jegliche Inhalte, die auf Ihrer Website erscheinen. Sie erkl\u00e4ren sich damit einverstanden, uns gegen s\u00e4mtliche Anspr\u00fcche, die aus Ihrer Website herr\u00fchren oder auf Ihrer Website basieren, schadlos zu halten und uns dagegen zu verteidigen. Es d\u00fcrfen keinerlei Links auf irgendeiner Seite Ihrer Website oder in irgendeinem Kontext erscheinen, die Inhalte oder Materialien enthalten, die als beleidigend, obsz\u00f6n oder kriminell ausgelegt werden k\u00f6nnen oder die gegen jegliche Rechte Dritter versto\u00dfen, diese auf andere Weise verletzen oder die Verletzung solcher Rechte oder den Versto\u00df gegen solche Rechte bef\u00fcrworten.<\/p>\n<p>Alle gesch\u00e4tzten Kapazit\u00e4ten sind Richtwerte auf der Basis von in der Vergangenheit gesammelten Erfahrungen und sind von den jeweiligen Boden- und Produktbedingungen abh\u00e4ngig.<br \/>\nAllround VP kann keinerlei Garantie im Hinblick auf diese Angaben abgeben.<\/p>\n<h2><\/h2>\n<\/div><div class=\"fusion-clearfix\"><\/div><\/div><\/div><\/div><\/div>\n","protected":false},"excerpt":{"rendered":"","protected":false},"author":2,"featured_media":0,"parent":0,"menu_order":0,"comment_status":"closed","ping_status":"closed","template":"","meta":{"_monsterinsights_skip_tracking":false,"_monsterinsights_sitenote_active":false,"_monsterinsights_sitenote_note":"","_monsterinsights_sitenote_category":0},"yoast_head":"<!-- This site is optimized with the Yoast SEO plugin v19.4 - https:\/\/yoast.com\/wordpress\/plugins\/seo\/ -->\n<title>Nutzungsbedingungen - Allround Vegetable Processing<\/title>\n<meta name=\"robots\" content=\"index, follow, max-snippet:-1, max-image-preview:large, max-video-preview:-1\" \/>\n<link rel=\"canonical\" href=\"https:\/\/www.allroundvp.com\/de\/nutzungsbedingungen\/\" \/>\n<meta property=\"og:locale\" content=\"de_DE\" \/>\n<meta property=\"og:type\" content=\"article\" \/>\n<meta property=\"og:title\" content=\"Nutzungsbedingungen - Allround Vegetable Processing\" \/>\n<meta property=\"og:url\" content=\"https:\/\/www.allroundvp.com\/de\/nutzungsbedingungen\/\" \/>\n<meta property=\"og:site_name\" content=\"Allround Vegetable Processing\" \/>\n<meta property=\"article:modified_time\" content=\"2021-04-05T10:17:55+00:00\" \/>\n<meta name=\"twitter:card\" content=\"summary_large_image\" \/>\n<meta name=\"twitter:site\" content=\"@allroundvp\" \/>\n<meta name=\"twitter:label1\" content=\"Gesch\u00e4tzte Lesezeit\" \/>\n\t<meta name=\"twitter:data1\" content=\"6\u00a0Minuten\" \/>\n<script type=\"application\/ld+json\" class=\"yoast-schema-graph\">{\"@context\":\"https:\/\/schema.org\",\"@graph\":[{\"@type\":\"Organization\",\"@id\":\"https:\/\/www.allroundvp.com\/#organization\",\"name\":\"Allround Vegetable Processing Machines\",\"url\":\"https:\/\/www.allroundvp.com\/\",\"sameAs\":[\"https:\/\/www.linkedin.com\/company\/allround-vegetable-processing-b.v.\/\",\"https:\/\/www.youtube.com\/AllroundVegetableProcessing\",\"https:\/\/twitter.com\/allroundvp\"],\"logo\":{\"@type\":\"ImageObject\",\"inLanguage\":\"de\",\"@id\":\"https:\/\/www.allroundvp.com\/#\/schema\/logo\/image\/\",\"url\":\"https:\/\/www.allroundvp.com\/wp-content\/uploads\/2020\/07\/allround_vegetable_processing_dlogo.png\",\"contentUrl\":\"https:\/\/www.allroundvp.com\/wp-content\/uploads\/2020\/07\/allround_vegetable_processing_dlogo.png\",\"width\":150,\"height\":90,\"caption\":\"Allround Vegetable Processing Machines\"},\"image\":{\"@id\":\"https:\/\/www.allroundvp.com\/#\/schema\/logo\/image\/\"}},{\"@type\":\"WebSite\",\"@id\":\"https:\/\/www.allroundvp.com\/#website\",\"url\":\"https:\/\/www.allroundvp.com\/\",\"name\":\"Allround Vegetable Processing\",\"description\":\"Welcome on Allround Vegetable Processing\",\"publisher\":{\"@id\":\"https:\/\/www.allroundvp.com\/#organization\"},\"potentialAction\":[{\"@type\":\"SearchAction\",\"target\":{\"@type\":\"EntryPoint\",\"urlTemplate\":\"https:\/\/www.allroundvp.com\/?s={search_term_string}\"},\"query-input\":\"required name=search_term_string\"}],\"inLanguage\":\"de\"},{\"@type\":\"WebPage\",\"@id\":\"https:\/\/www.allroundvp.com\/de\/nutzungsbedingungen\/\",\"url\":\"https:\/\/www.allroundvp.com\/de\/nutzungsbedingungen\/\",\"name\":\"Nutzungsbedingungen - Allround Vegetable Processing\",\"isPartOf\":{\"@id\":\"https:\/\/www.allroundvp.com\/#website\"},\"datePublished\":\"2021-04-05T10:17:54+00:00\",\"dateModified\":\"2021-04-05T10:17:55+00:00\",\"breadcrumb\":{\"@id\":\"https:\/\/www.allroundvp.com\/de\/nutzungsbedingungen\/#breadcrumb\"},\"inLanguage\":\"de\",\"potentialAction\":[{\"@type\":\"ReadAction\",\"target\":[\"https:\/\/www.allroundvp.com\/de\/nutzungsbedingungen\/\"]}]},{\"@type\":\"BreadcrumbList\",\"@id\":\"https:\/\/www.allroundvp.com\/de\/nutzungsbedingungen\/#breadcrumb\",\"itemListElement\":[{\"@type\":\"ListItem\",\"position\":1,\"name\":\"Home\",\"item\":\"https:\/\/www.allroundvp.com\/de\/\"},{\"@type\":\"ListItem\",\"position\":2,\"name\":\"Nutzungsbedingungen\"}]}]}<\/script>\n<!-- \/ Yoast SEO plugin. -->","yoast_head_json":{"title":"Nutzungsbedingungen - Allround Vegetable Processing","robots":{"index":"index","follow":"follow","max-snippet":"max-snippet:-1","max-image-preview":"max-image-preview:large","max-video-preview":"max-video-preview:-1"},"canonical":"https:\/\/www.allroundvp.com\/de\/nutzungsbedingungen\/","og_locale":"de_DE","og_type":"article","og_title":"Nutzungsbedingungen - Allround Vegetable Processing","og_url":"https:\/\/www.allroundvp.com\/de\/nutzungsbedingungen\/","og_site_name":"Allround Vegetable Processing","article_modified_time":"2021-04-05T10:17:55+00:00","twitter_card":"summary_large_image","twitter_site":"@allroundvp","twitter_misc":{"Gesch\u00e4tzte Lesezeit":"6\u00a0Minuten"},"schema":{"@context":"https:\/\/schema.org","@graph":[{"@type":"Organization","@id":"https:\/\/www.allroundvp.com\/#organization","name":"Allround Vegetable Processing Machines","url":"https:\/\/www.allroundvp.com\/","sameAs":["https:\/\/www.linkedin.com\/company\/allround-vegetable-processing-b.v.\/","https:\/\/www.youtube.com\/AllroundVegetableProcessing","https:\/\/twitter.com\/allroundvp"],"logo":{"@type":"ImageObject","inLanguage":"de","@id":"https:\/\/www.allroundvp.com\/#\/schema\/logo\/image\/","url":"https:\/\/www.allroundvp.com\/wp-content\/uploads\/2020\/07\/allround_vegetable_processing_dlogo.png","contentUrl":"https:\/\/www.allroundvp.com\/wp-content\/uploads\/2020\/07\/allround_vegetable_processing_dlogo.png","width":150,"height":90,"caption":"Allround Vegetable Processing Machines"},"image":{"@id":"https:\/\/www.allroundvp.com\/#\/schema\/logo\/image\/"}},{"@type":"WebSite","@id":"https:\/\/www.allroundvp.com\/#website","url":"https:\/\/www.allroundvp.com\/","name":"Allround Vegetable Processing","description":"Welcome on Allround Vegetable Processing","publisher":{"@id":"https:\/\/www.allroundvp.com\/#organization"},"potentialAction":[{"@type":"SearchAction","target":{"@type":"EntryPoint","urlTemplate":"https:\/\/www.allroundvp.com\/?s={search_term_string}"},"query-input":"required name=search_term_string"}],"inLanguage":"de"},{"@type":"WebPage","@id":"https:\/\/www.allroundvp.com\/de\/nutzungsbedingungen\/","url":"https:\/\/www.allroundvp.com\/de\/nutzungsbedingungen\/","name":"Nutzungsbedingungen - Allround Vegetable Processing","isPartOf":{"@id":"https:\/\/www.allroundvp.com\/#website"},"datePublished":"2021-04-05T10:17:54+00:00","dateModified":"2021-04-05T10:17:55+00:00","breadcrumb":{"@id":"https:\/\/www.allroundvp.com\/de\/nutzungsbedingungen\/#breadcrumb"},"inLanguage":"de","potentialAction":[{"@type":"ReadAction","target":["https:\/\/www.allroundvp.com\/de\/nutzungsbedingungen\/"]}]},{"@type":"BreadcrumbList","@id":"https:\/\/www.allroundvp.com\/de\/nutzungsbedingungen\/#breadcrumb","itemListElement":[{"@type":"ListItem","position":1,"name":"Home","item":"https:\/\/www.allroundvp.com\/de\/"},{"@type":"ListItem","position":2,"name":"Nutzungsbedingungen"}]}]}},"_links":{"self":[{"href":"https:\/\/www.allroundvp.com\/de\/wp-json\/wp\/v2\/pages\/12179"}],"collection":[{"href":"https:\/\/www.allroundvp.com\/de\/wp-json\/wp\/v2\/pages"}],"about":[{"href":"https:\/\/www.allroundvp.com\/de\/wp-json\/wp\/v2\/types\/page"}],"author":[{"embeddable":true,"href":"https:\/\/www.allroundvp.com\/de\/wp-json\/wp\/v2\/users\/2"}],"replies":[{"embeddable":true,"href":"https:\/\/www.allroundvp.com\/de\/wp-json\/wp\/v2\/comments?post=12179"}],"version-history":[{"count":0,"href":"https:\/\/www.allroundvp.com\/de\/wp-json\/wp\/v2\/pages\/12179\/revisions"}],"wp:attachment":[{"href":"https:\/\/www.allroundvp.com\/de\/wp-json\/wp\/v2\/media?parent=12179"}],"curies":[{"name":"wp","href":"https:\/\/api.w.org\/{rel}","templated":true}]}}