{"id":11951,"date":"2021-03-24T08:24:33","date_gmt":"2021-03-24T08:24:33","guid":{"rendered":"https:\/\/www.allroundvp.com\/gruende-fuer-die-einlagerung\/"},"modified":"2021-06-03T04:49:33","modified_gmt":"2021-06-03T04:49:33","slug":"gruende-fuer-die-einlagerung","status":"publish","type":"page","link":"https:\/\/www.allroundvp.com\/de\/gruende-fuer-die-einlagerung\/","title":{"rendered":"Gr\u00fcnde f\u00fcr die Einlagerung"},"content":{"rendered":"<p><div class=\"fusion-fullwidth fullwidth-box fusion-builder-row-1 nonhundred-percent-fullwidth non-hundred-percent-height-scrolling\" style=\"background-color: #f3f3f3;background-position: left top;background-repeat: no-repeat;padding-top:50px;padding-right:0px;padding-bottom:50px;padding-left:0px;margin-bottom: 0px;margin-top: 0px;border-width: 0px 0px 0px 0px;border-color:#eae9e9;border-style:solid;\" ><div class=\"fusion-builder-row fusion-row\"><div class=\"fusion-layout-column fusion_builder_column fusion-builder-column-0 fusion_builder_column_1_1 1_1 fusion-one-full fusion-column-first fusion-column-last\" style=\"margin-top:0px;margin-bottom:20px;\"><div class=\"fusion-column-wrapper fusion-flex-column-wrapper-legacy\" style=\"background-position:left top;background-repeat:no-repeat;-webkit-background-size:cover;-moz-background-size:cover;-o-background-size:cover;background-size:cover;padding: 0px 0px 0px 0px;\"><div class=\"fusion-text fusion-text-1\"><h1>Gr\u00fcnde f\u00fcr die Einlagerung<\/h1>\n<\/div><div class=\"fusion-clearfix\"><\/div><\/div><\/div><\/div><\/div><div class=\"fusion-fullwidth fullwidth-box fusion-builder-row-2 nonhundred-percent-fullwidth non-hundred-percent-height-scrolling fusion-equal-height-columns\" style=\"background-color: rgba(255,255,255,0);background-position: center center;background-repeat: no-repeat;padding-top:0px;padding-right:0px;padding-bottom:0px;padding-left:0px;margin-bottom: 40px;margin-top: 50px;border-width: 0px 0px 0px 0px;border-color:#eae9e9;border-style:solid;\" ><div class=\"fusion-builder-row fusion-row\"><div class=\"fusion-layout-column fusion_builder_column fusion-builder-column-1 fusion_builder_column_1_2 1_2 fusion-one-half fusion-column-first\" style=\"margin-top:0px;margin-bottom:0px;\"><div class=\"fusion-column-wrapper fusion-flex-column-wrapper-legacy\" style=\"background-position:left top;background-repeat:no-repeat;-webkit-background-size:cover;-moz-background-size:cover;-o-background-size:cover;background-size:cover;background-color:#ffffff;padding: 5% 15% 5% 15%;\"><div class=\"fusion-column-content-centered\"><div class=\"fusion-column-content\"><div class=\"fusion-text fusion-text-2 t-just\"><p><strong>1.<\/strong> Durch die Einlagerung kann der Anwender sich die Entwicklungen des Marktpreises zunutze machen. W\u00e4hrend der Erntesaison ist am Markt ein \u00dcberangebot (Schwemme) von Produkten vorhanden, was sich nat\u00fcrlich ung\u00fcnstig auf den Preis auswirkt. Nach einiger Zeit wird das Produkt dann wieder knapper. Mit Hilfe einer Lagereinrichtung kann der Betreiber diese Zeitspannen mit h\u00f6heren Preisen nutzen.<\/p>\n<\/div><\/div><\/div><div class=\"fusion-clearfix\"><\/div><\/div><\/div><div class=\"fusion-layout-column fusion_builder_column fusion-builder-column-2 fusion_builder_column_1_2 1_2 fusion-one-half fusion-column-last\" style=\"margin-top:0px;margin-bottom:0px;\"><div class=\"fusion-column-wrapper fusion-flex-column-wrapper-legacy\" style=\"background-image: url(&#039;https:\/\/www.allroundvp.com\/wp-content\/uploads\/2018\/03\/reason1.jpg&#039;);background-position:center center;background-repeat:no-repeat;-webkit-background-size:cover;-moz-background-size:cover;-o-background-size:cover;background-size:cover;padding: 25% 15% 25% 15%;\" data-bg-url=\"https:\/\/www.allroundvp.com\/wp-content\/uploads\/2018\/03\/reason1.jpg\"><div class=\"fusion-column-content-centered\"><div class=\"fusion-column-content\"><div class=\"fusion-sep-clear\"><\/div><div class=\"fusion-separator fusion-full-width-sep\" style=\"margin-left: auto;margin-right: auto;margin-top:10%;margin-bottom:10%;width:100%;\"><\/div><div class=\"fusion-sep-clear\"><\/div><\/div><\/div><div class=\"fusion-clearfix\"><\/div><\/div><\/div><\/div><\/div><div class=\"fusion-fullwidth fullwidth-box fusion-builder-row-3 nonhundred-percent-fullwidth non-hundred-percent-height-scrolling fusion-equal-height-columns\" style=\"background-color: rgba(255,255,255,0);background-position: center center;background-repeat: no-repeat;padding-top:0px;padding-right:0px;padding-bottom:0px;padding-left:0px;margin-bottom: 40px;margin-top: 0px;border-width: 0px 0px 0px 0px;border-color:#eae9e9;border-style:solid;\" ><div class=\"fusion-builder-row fusion-row\"><div class=\"fusion-layout-column fusion_builder_column fusion-builder-column-3 fusion_builder_column_1_2 1_2 fusion-one-half fusion-column-first\" style=\"margin-top:0px;margin-bottom:0px;\"><div class=\"fusion-column-wrapper fusion-flex-column-wrapper-legacy\" style=\"background-image: url(&#039;https:\/\/www.allroundvp.com\/wp-content\/uploads\/2018\/03\/reason2.jpg&#039;);background-position:center center;background-repeat:no-repeat;-webkit-background-size:cover;-moz-background-size:cover;-o-background-size:cover;background-size:cover;padding: 25% 15% 25% 15%;\" data-bg-url=\"https:\/\/www.allroundvp.com\/wp-content\/uploads\/2018\/03\/reason2.jpg\"><div class=\"fusion-column-content-centered\"><div class=\"fusion-column-content\"><div class=\"fusion-sep-clear\"><\/div><div class=\"fusion-separator fusion-full-width-sep\" style=\"margin-left: auto;margin-right: auto;margin-top:15%;margin-bottom:15%;width:100%;\"><\/div><div class=\"fusion-sep-clear\"><\/div><\/div><\/div><div class=\"fusion-clearfix\"><\/div><\/div><\/div><div class=\"fusion-layout-column fusion_builder_column fusion-builder-column-4 fusion_builder_column_1_2 1_2 fusion-one-half fusion-column-last\" style=\"margin-top:0px;margin-bottom:0px;\"><div class=\"fusion-column-wrapper fusion-flex-column-wrapper-legacy\" style=\"background-position:left top;background-repeat:no-repeat;-webkit-background-size:cover;-moz-background-size:cover;-o-background-size:cover;background-size:cover;background-color:#ffffff;padding: 5% 15% 5% 15%;\"><div class=\"fusion-column-content-centered\"><div class=\"fusion-column-content\"><div class=\"fusion-text fusion-text-3 t-just\"><p><strong>2.<\/strong> Au\u00dferdem wird der Verderb der Produkte vermieden. Eine richtig konstruierte Lagereinrichtung erm\u00f6glicht dem Betreiber die Trocknung, K\u00fchlung und Einlagerung des Produkts durch Schaffung optimaler Temperatur-, Feuchte- und CO<sub>2<\/sub>-Werte. Durch Realisierung optimaler Lagerbedingungen lassen sich Krankheitsbefall und Austrieb verhindern, w\u00e4hrend die Produktqualit\u00e4t erhalten wird.<\/p>\n<\/div><\/div><\/div><div class=\"fusion-clearfix\"><\/div><\/div><\/div><\/div><\/div><div class=\"fusion-fullwidth fullwidth-box fusion-builder-row-4 nonhundred-percent-fullwidth non-hundred-percent-height-scrolling fusion-equal-height-columns\" style=\"background-color: rgba(255,255,255,0);background-position: center center;background-repeat: no-repeat;padding-top:0px;padding-right:0px;padding-bottom:0px;padding-left:0px;margin-bottom: 40px;margin-top: 0px;border-width: 0px 0px 0px 0px;border-color:#eae9e9;border-style:solid;\" ><div class=\"fusion-builder-row fusion-row\"><div class=\"fusion-layout-column fusion_builder_column fusion-builder-column-5 fusion_builder_column_1_2 1_2 fusion-one-half fusion-column-first\" style=\"margin-top:0px;margin-bottom:0px;\"><div class=\"fusion-column-wrapper fusion-flex-column-wrapper-legacy\" style=\"background-position:left top;background-repeat:no-repeat;-webkit-background-size:cover;-moz-background-size:cover;-o-background-size:cover;background-size:cover;background-color:#ffffff;padding: 5% 15% 5% 15%;\"><div class=\"fusion-column-content-centered\"><div class=\"fusion-column-content\"><div class=\"fusion-text fusion-text-4 t-just\"><p><strong>3.<\/strong>\u00a0Auch Gewichtsverluste lassen sich minimieren. Da Produkte meistens nach Gewicht abverkauft werden, schm\u00e4lern Gewichtsverluste die Gewinnspannen. Erg\u00e4nzend zu den intensiven Bem\u00fchungen, die auf dem Feld zur Verringerung von Sch\u00e4den geleistet wurden, hat das Lagersystem einen erheblichen Einfluss auf die Gewichtserhaltung. Dabei spielt im Prozess der Kartoffellagerung besonders der Trocknungszyklus eine bedeutende Rolle.<\/p>\n<\/div><\/div><\/div><div class=\"fusion-clearfix\"><\/div><\/div><\/div><div class=\"fusion-layout-column fusion_builder_column fusion-builder-column-6 fusion_builder_column_1_2 1_2 fusion-one-half fusion-column-last\" style=\"margin-top:0px;margin-bottom:0px;\"><div class=\"fusion-column-wrapper fusion-flex-column-wrapper-legacy\" style=\"background-image: url(&#039;https:\/\/www.allroundvp.com\/wp-content\/uploads\/2018\/03\/reason3.jpg&#039;);background-position:center center;background-repeat:no-repeat;-webkit-background-size:cover;-moz-background-size:cover;-o-background-size:cover;background-size:cover;padding: 25% 15% 25% 15%;\" data-bg-url=\"https:\/\/www.allroundvp.com\/wp-content\/uploads\/2018\/03\/reason3.jpg\"><div class=\"fusion-column-content-centered\"><div class=\"fusion-column-content\"><div class=\"fusion-sep-clear\"><\/div><div class=\"fusion-separator fusion-full-width-sep\" style=\"margin-left: auto;margin-right: auto;margin-top:15%;margin-bottom:15%;width:100%;\"><\/div><div class=\"fusion-sep-clear\"><\/div><\/div><\/div><div class=\"fusion-clearfix\"><\/div><\/div><\/div><\/div><\/div><div class=\"fusion-fullwidth fullwidth-box fusion-builder-row-5 nonhundred-percent-fullwidth non-hundred-percent-height-scrolling fusion-equal-height-columns\" style=\"background-color: rgba(255,255,255,0);background-position: center center;background-repeat: no-repeat;padding-top:0px;padding-right:0px;padding-bottom:0px;padding-left:0px;margin-bottom: 40px;margin-top: 0px;border-width: 0px 0px 0px 0px;border-color:#eae9e9;border-style:solid;\" ><div class=\"fusion-builder-row fusion-row\"><div class=\"fusion-layout-column fusion_builder_column fusion-builder-column-7 fusion_builder_column_1_2 1_2 fusion-one-half fusion-column-first\" style=\"margin-top:0px;margin-bottom:0px;\"><div class=\"fusion-column-wrapper fusion-flex-column-wrapper-legacy\" style=\"background-image: url(&#039;https:\/\/www.allroundvp.com\/wp-content\/uploads\/2018\/03\/reason4.jpg&#039;);background-position:center center;background-repeat:no-repeat;-webkit-background-size:cover;-moz-background-size:cover;-o-background-size:cover;background-size:cover;padding: 25% 15% 25% 15%;\" data-bg-url=\"https:\/\/www.allroundvp.com\/wp-content\/uploads\/2018\/03\/reason4.jpg\"><div class=\"fusion-column-content-centered\"><div class=\"fusion-column-content\"><div class=\"fusion-sep-clear\"><\/div><div class=\"fusion-separator fusion-full-width-sep\" style=\"margin-left: auto;margin-right: auto;margin-top:15%;margin-bottom:15%;width:100%;\"><\/div><div class=\"fusion-sep-clear\"><\/div><\/div><\/div><div class=\"fusion-clearfix\"><\/div><\/div><\/div><div class=\"fusion-layout-column fusion_builder_column fusion-builder-column-8 fusion_builder_column_1_2 1_2 fusion-one-half fusion-column-last\" style=\"margin-top:0px;margin-bottom:0px;\"><div class=\"fusion-column-wrapper fusion-flex-column-wrapper-legacy\" style=\"background-position:left top;background-repeat:no-repeat;-webkit-background-size:cover;-moz-background-size:cover;-o-background-size:cover;background-size:cover;background-color:#ffffff;padding: 5% 15% 5% 15%;\"><div class=\"fusion-column-content-centered\"><div class=\"fusion-column-content\"><div class=\"fusion-text fusion-text-5 t-just\"><p><strong>4.<\/strong>\u00a0Die Lagereinrichtung \u00fcbernimmt dabei die Rolle eines Puffers f\u00fcr die Verarbeitungslinien. Besonders in Industriebetrieben, die z.B. Pommes Frites herstellen, muss die ununterbrochene Beschickung der Linie mit Produkten gew\u00e4hrleistet sein. Durch eine geeignete Lagereinrichtung k\u00f6nnen solche Werke rund um die Uhr betrieben werden.<\/p>\n<\/div><\/div><\/div><div class=\"fusion-clearfix\"><\/div><\/div><\/div><\/div><\/div><div class=\"fusion-fullwidth fullwidth-box fusion-builder-row-6 nonhundred-percent-fullwidth non-hundred-percent-height-scrolling fusion-equal-height-columns\" style=\"background-color: rgba(255,255,255,0);background-position: center center;background-repeat: no-repeat;padding-top:0px;padding-right:0px;padding-bottom:0px;padding-left:0px;margin-bottom: 40px;margin-top: 0px;border-width: 0px 0px 0px 0px;border-color:#eae9e9;border-style:solid;\" ><div class=\"fusion-builder-row fusion-row\"><div class=\"fusion-layout-column fusion_builder_column fusion-builder-column-9 fusion_builder_column_1_2 1_2 fusion-one-half fusion-column-first\" style=\"margin-top:0px;margin-bottom:0px;\"><div class=\"fusion-column-wrapper fusion-flex-column-wrapper-legacy\" style=\"background-position:left top;background-repeat:no-repeat;-webkit-background-size:cover;-moz-background-size:cover;-o-background-size:cover;background-size:cover;background-color:#ffffff;padding: 5% 15% 5% 15%;\"><div class=\"fusion-column-content-centered\"><div class=\"fusion-column-content\"><div class=\"fusion-text fusion-text-6 t-just\"><p><strong>5.<\/strong> Verringerung des Umwelt-Fu\u00dfabdrucks Der Transport von Produkten \u00fcber gro\u00dfe Entfernungen stellt eine erhebliche Umweltbelastung dar. In Gegenden, die den Bedarf nicht ganzj\u00e4hrig decken k\u00f6nnen, bieten sich als Alternativen nur entweder die Einfuhr aus Gebieten mit ausreichendem Angebot oder die Verwendung eines Lagerungssystems.<\/p>\n<\/div><\/div><\/div><div class=\"fusion-clearfix\"><\/div><\/div><\/div><div class=\"fusion-layout-column fusion_builder_column fusion-builder-column-10 fusion_builder_column_1_2 1_2 fusion-one-half fusion-column-last\" style=\"margin-top:0px;margin-bottom:0px;\"><div class=\"fusion-column-wrapper fusion-flex-column-wrapper-legacy\" style=\"background-image: url(&#039;https:\/\/www.allroundvp.com\/wp-content\/uploads\/2018\/03\/reason-5.jpg&#039;);background-position:center center;background-repeat:no-repeat;-webkit-background-size:cover;-moz-background-size:cover;-o-background-size:cover;background-size:cover;padding: 25% 15% 25% 15%;\" data-bg-url=\"https:\/\/www.allroundvp.com\/wp-content\/uploads\/2018\/03\/reason-5.jpg\"><div class=\"fusion-column-content-centered\"><div class=\"fusion-column-content\"><div class=\"fusion-sep-clear\"><\/div><div class=\"fusion-separator fusion-full-width-sep\" style=\"margin-left: auto;margin-right: auto;margin-top:15%;margin-bottom:15%;width:100%;\"><\/div><div class=\"fusion-sep-clear\"><\/div><\/div><\/div><div class=\"fusion-clearfix\"><\/div><\/div><\/div><\/div><\/div><div class=\"fusion-fullwidth fullwidth-box fusion-builder-row-7 nonhundred-percent-fullwidth non-hundred-percent-height-scrolling\" style=\"background-color: rgba(255,255,255,0);background-position: center center;background-repeat: no-repeat;padding-top:0px;padding-right:0px;padding-bottom:0px;padding-left:0px;margin-bottom: 0px;margin-top: 0px;border-width: 0px 0px 0px 0px;border-color:#eae9e9;border-style:solid;\" ><div class=\"fusion-builder-row fusion-row\"><div class=\"fusion-layout-column fusion_builder_column fusion-builder-column-11 fusion_builder_column_1_1 1_1 fusion-one-full fusion-column-first fusion-column-last\" style=\"margin-top:0px;margin-bottom:20px;\"><div class=\"fusion-column-wrapper fusion-flex-column-wrapper-legacy\" style=\"background-position:left top;background-repeat:no-repeat;-webkit-background-size:cover;-moz-background-size:cover;-o-background-size:cover;background-size:cover;background-color:#ffffff;padding: 0px 0px 0px 0px;\"><div class=\"fusion-text fusion-text-7\"><div class=\"client-textbox\">\n<div class=\"fusion-separator fusion-full-width-sep sep-single sep-solid\" style=\"border-color: #4599d5; border-top-width: 5px; margin: 0px auto 0px auto;\"><\/div>\n<h3 class=\"client-text\">Wenn Sie sich f\u00fcr ein Angebot interessieren, benutzen Sie bitte das <a class=\"atag\" href=\"https:\/\/www.allroundvp.com\/de\/kontakt\/\">Kontaktformular<\/a><\/h3>\n<\/div>\n<\/div><div class=\"fusion-clearfix\"><\/div><\/div><\/div><\/div><\/div><\/p>\n","protected":false},"excerpt":{"rendered":"","protected":false},"author":2,"featured_media":0,"parent":0,"menu_order":0,"comment_status":"closed","ping_status":"closed","template":"100-width.php","meta":{"_monsterinsights_skip_tracking":false,"_monsterinsights_sitenote_active":false,"_monsterinsights_sitenote_note":"","_monsterinsights_sitenote_category":0},"yoast_head":"<!-- This site is optimized with the Yoast SEO plugin v19.4 - https:\/\/yoast.com\/wordpress\/plugins\/seo\/ -->\n<title>Gr\u00fcnde f\u00fcr die Einlagerung - Allround Lagerung | Loselagerung, Kistenlagerung, saugbel\u00fcftete Lagerung<\/title>\n<meta name=\"description\" content=\"Erfahren Sie die Gr\u00fcnde, warum Sie in eine Allround Storage Solution investieren sollten. Allround Bietet Lagerl\u00f6sungen f\u00fcr Loselagerung, Kistenlagerung, saugbel\u00fcftete Lagerung\" \/>\n<meta name=\"robots\" content=\"index, follow, max-snippet:-1, max-image-preview:large, max-video-preview:-1\" \/>\n<link rel=\"canonical\" href=\"https:\/\/www.allroundvp.com\/de\/gruende-fuer-die-einlagerung\/\" \/>\n<meta property=\"og:locale\" content=\"de_DE\" \/>\n<meta property=\"og:type\" content=\"article\" \/>\n<meta property=\"og:title\" content=\"Gr\u00fcnde f\u00fcr die Einlagerung - Allround Lagerung | Loselagerung, Kistenlagerung, saugbel\u00fcftete Lagerung\" \/>\n<meta property=\"og:description\" content=\"Erfahren Sie die Gr\u00fcnde, warum Sie in eine Allround Storage Solution investieren sollten. Allround Bietet Lagerl\u00f6sungen f\u00fcr Loselagerung, Kistenlagerung, saugbel\u00fcftete Lagerung\" \/>\n<meta property=\"og:url\" content=\"https:\/\/www.allroundvp.com\/de\/gruende-fuer-die-einlagerung\/\" \/>\n<meta property=\"og:site_name\" content=\"Allround Vegetable Processing\" \/>\n<meta property=\"article:modified_time\" content=\"2021-06-03T04:49:33+00:00\" \/>\n<meta name=\"twitter:card\" content=\"summary_large_image\" \/>\n<meta name=\"twitter:site\" content=\"@allroundvp\" \/>\n<meta name=\"twitter:label1\" content=\"Gesch\u00e4tzte Lesezeit\" \/>\n\t<meta name=\"twitter:data1\" content=\"14\u00a0Minuten\" \/>\n<script type=\"application\/ld+json\" class=\"yoast-schema-graph\">{\"@context\":\"https:\/\/schema.org\",\"@graph\":[{\"@type\":\"Organization\",\"@id\":\"https:\/\/www.allroundvp.com\/#organization\",\"name\":\"Allround Vegetable Processing Machines\",\"url\":\"https:\/\/www.allroundvp.com\/\",\"sameAs\":[\"https:\/\/www.linkedin.com\/company\/allround-vegetable-processing-b.v.\/\",\"https:\/\/www.youtube.com\/AllroundVegetableProcessing\",\"https:\/\/twitter.com\/allroundvp\"],\"logo\":{\"@type\":\"ImageObject\",\"inLanguage\":\"de\",\"@id\":\"https:\/\/www.allroundvp.com\/#\/schema\/logo\/image\/\",\"url\":\"https:\/\/www.allroundvp.com\/wp-content\/uploads\/2020\/07\/allround_vegetable_processing_dlogo.png\",\"contentUrl\":\"https:\/\/www.allroundvp.com\/wp-content\/uploads\/2020\/07\/allround_vegetable_processing_dlogo.png\",\"width\":150,\"height\":90,\"caption\":\"Allround Vegetable Processing Machines\"},\"image\":{\"@id\":\"https:\/\/www.allroundvp.com\/#\/schema\/logo\/image\/\"}},{\"@type\":\"WebSite\",\"@id\":\"https:\/\/www.allroundvp.com\/#website\",\"url\":\"https:\/\/www.allroundvp.com\/\",\"name\":\"Allround Vegetable Processing\",\"description\":\"Welcome on Allround Vegetable Processing\",\"publisher\":{\"@id\":\"https:\/\/www.allroundvp.com\/#organization\"},\"potentialAction\":[{\"@type\":\"SearchAction\",\"target\":{\"@type\":\"EntryPoint\",\"urlTemplate\":\"https:\/\/www.allroundvp.com\/?s={search_term_string}\"},\"query-input\":\"required name=search_term_string\"}],\"inLanguage\":\"de\"},{\"@type\":\"WebPage\",\"@id\":\"https:\/\/www.allroundvp.com\/de\/gruende-fuer-die-einlagerung\/\",\"url\":\"https:\/\/www.allroundvp.com\/de\/gruende-fuer-die-einlagerung\/\",\"name\":\"Gr\u00fcnde f\u00fcr die Einlagerung - Allround Lagerung | Loselagerung, Kistenlagerung, saugbel\u00fcftete Lagerung\",\"isPartOf\":{\"@id\":\"https:\/\/www.allroundvp.com\/#website\"},\"datePublished\":\"2021-03-24T08:24:33+00:00\",\"dateModified\":\"2021-06-03T04:49:33+00:00\",\"description\":\"Erfahren Sie die Gr\u00fcnde, warum Sie in eine Allround Storage Solution investieren sollten. Allround Bietet Lagerl\u00f6sungen f\u00fcr Loselagerung, Kistenlagerung, saugbel\u00fcftete Lagerung\",\"breadcrumb\":{\"@id\":\"https:\/\/www.allroundvp.com\/de\/gruende-fuer-die-einlagerung\/#breadcrumb\"},\"inLanguage\":\"de\",\"potentialAction\":[{\"@type\":\"ReadAction\",\"target\":[\"https:\/\/www.allroundvp.com\/de\/gruende-fuer-die-einlagerung\/\"]}]},{\"@type\":\"BreadcrumbList\",\"@id\":\"https:\/\/www.allroundvp.com\/de\/gruende-fuer-die-einlagerung\/#breadcrumb\",\"itemListElement\":[{\"@type\":\"ListItem\",\"position\":1,\"name\":\"Home\",\"item\":\"https:\/\/www.allroundvp.com\/de\/\"},{\"@type\":\"ListItem\",\"position\":2,\"name\":\"Gr\u00fcnde f\u00fcr die Einlagerung\"}]}]}<\/script>\n<!-- \/ Yoast SEO plugin. -->","yoast_head_json":{"title":"Gr\u00fcnde f\u00fcr die Einlagerung - Allround Lagerung | Loselagerung, Kistenlagerung, saugbel\u00fcftete Lagerung","description":"Erfahren Sie die Gr\u00fcnde, warum Sie in eine Allround Storage Solution investieren sollten. Allround Bietet Lagerl\u00f6sungen f\u00fcr Loselagerung, Kistenlagerung, saugbel\u00fcftete Lagerung","robots":{"index":"index","follow":"follow","max-snippet":"max-snippet:-1","max-image-preview":"max-image-preview:large","max-video-preview":"max-video-preview:-1"},"canonical":"https:\/\/www.allroundvp.com\/de\/gruende-fuer-die-einlagerung\/","og_locale":"de_DE","og_type":"article","og_title":"Gr\u00fcnde f\u00fcr die Einlagerung - Allround Lagerung | Loselagerung, Kistenlagerung, saugbel\u00fcftete Lagerung","og_description":"Erfahren Sie die Gr\u00fcnde, warum Sie in eine Allround Storage Solution investieren sollten. Allround Bietet Lagerl\u00f6sungen f\u00fcr Loselagerung, Kistenlagerung, saugbel\u00fcftete Lagerung","og_url":"https:\/\/www.allroundvp.com\/de\/gruende-fuer-die-einlagerung\/","og_site_name":"Allround Vegetable Processing","article_modified_time":"2021-06-03T04:49:33+00:00","twitter_card":"summary_large_image","twitter_site":"@allroundvp","twitter_misc":{"Gesch\u00e4tzte Lesezeit":"14\u00a0Minuten"},"schema":{"@context":"https:\/\/schema.org","@graph":[{"@type":"Organization","@id":"https:\/\/www.allroundvp.com\/#organization","name":"Allround Vegetable Processing Machines","url":"https:\/\/www.allroundvp.com\/","sameAs":["https:\/\/www.linkedin.com\/company\/allround-vegetable-processing-b.v.\/","https:\/\/www.youtube.com\/AllroundVegetableProcessing","https:\/\/twitter.com\/allroundvp"],"logo":{"@type":"ImageObject","inLanguage":"de","@id":"https:\/\/www.allroundvp.com\/#\/schema\/logo\/image\/","url":"https:\/\/www.allroundvp.com\/wp-content\/uploads\/2020\/07\/allround_vegetable_processing_dlogo.png","contentUrl":"https:\/\/www.allroundvp.com\/wp-content\/uploads\/2020\/07\/allround_vegetable_processing_dlogo.png","width":150,"height":90,"caption":"Allround Vegetable Processing Machines"},"image":{"@id":"https:\/\/www.allroundvp.com\/#\/schema\/logo\/image\/"}},{"@type":"WebSite","@id":"https:\/\/www.allroundvp.com\/#website","url":"https:\/\/www.allroundvp.com\/","name":"Allround Vegetable Processing","description":"Welcome on Allround Vegetable Processing","publisher":{"@id":"https:\/\/www.allroundvp.com\/#organization"},"potentialAction":[{"@type":"SearchAction","target":{"@type":"EntryPoint","urlTemplate":"https:\/\/www.allroundvp.com\/?s={search_term_string}"},"query-input":"required name=search_term_string"}],"inLanguage":"de"},{"@type":"WebPage","@id":"https:\/\/www.allroundvp.com\/de\/gruende-fuer-die-einlagerung\/","url":"https:\/\/www.allroundvp.com\/de\/gruende-fuer-die-einlagerung\/","name":"Gr\u00fcnde f\u00fcr die Einlagerung - Allround Lagerung | Loselagerung, Kistenlagerung, saugbel\u00fcftete Lagerung","isPartOf":{"@id":"https:\/\/www.allroundvp.com\/#website"},"datePublished":"2021-03-24T08:24:33+00:00","dateModified":"2021-06-03T04:49:33+00:00","description":"Erfahren Sie die Gr\u00fcnde, warum Sie in eine Allround Storage Solution investieren sollten. Allround Bietet Lagerl\u00f6sungen f\u00fcr Loselagerung, Kistenlagerung, saugbel\u00fcftete Lagerung","breadcrumb":{"@id":"https:\/\/www.allroundvp.com\/de\/gruende-fuer-die-einlagerung\/#breadcrumb"},"inLanguage":"de","potentialAction":[{"@type":"ReadAction","target":["https:\/\/www.allroundvp.com\/de\/gruende-fuer-die-einlagerung\/"]}]},{"@type":"BreadcrumbList","@id":"https:\/\/www.allroundvp.com\/de\/gruende-fuer-die-einlagerung\/#breadcrumb","itemListElement":[{"@type":"ListItem","position":1,"name":"Home","item":"https:\/\/www.allroundvp.com\/de\/"},{"@type":"ListItem","position":2,"name":"Gr\u00fcnde f\u00fcr die Einlagerung"}]}]}},"_links":{"self":[{"href":"https:\/\/www.allroundvp.com\/de\/wp-json\/wp\/v2\/pages\/11951"}],"collection":[{"href":"https:\/\/www.allroundvp.com\/de\/wp-json\/wp\/v2\/pages"}],"about":[{"href":"https:\/\/www.allroundvp.com\/de\/wp-json\/wp\/v2\/types\/page"}],"author":[{"embeddable":true,"href":"https:\/\/www.allroundvp.com\/de\/wp-json\/wp\/v2\/users\/2"}],"replies":[{"embeddable":true,"href":"https:\/\/www.allroundvp.com\/de\/wp-json\/wp\/v2\/comments?post=11951"}],"version-history":[{"count":0,"href":"https:\/\/www.allroundvp.com\/de\/wp-json\/wp\/v2\/pages\/11951\/revisions"}],"wp:attachment":[{"href":"https:\/\/www.allroundvp.com\/de\/wp-json\/wp\/v2\/media?parent=11951"}],"curies":[{"name":"wp","href":"https:\/\/api.w.org\/{rel}","templated":true}]}}