{"id":11849,"date":"2021-03-23T03:58:05","date_gmt":"2021-03-23T03:58:05","guid":{"rendered":"https:\/\/www.allroundvp.com\/vertragshaendler\/"},"modified":"2022-03-24T09:34:08","modified_gmt":"2022-03-24T09:34:08","slug":"vertragshaendler","status":"publish","type":"page","link":"https:\/\/www.allroundvp.com\/de\/vertragshaendler\/","title":{"rendered":"Vertragsh\u00e4ndler"},"content":{"rendered":"<div class=\"fusion-fullwidth fullwidth-box fusion-builder-row-1 nonhundred-percent-fullwidth non-hundred-percent-height-scrolling\" style=\"background-color: rgba(255,255,255,0);background-position: center center;background-repeat: no-repeat;padding-top:0px;padding-right:0px;padding-bottom:0px;padding-left:0px;margin-bottom: 0px;margin-top: 0px;border-width: 0px 0px 0px 0px;border-color:#eae9e9;border-style:solid;\" ><div class=\"fusion-builder-row fusion-row\"><div class=\"fusion-layout-column fusion_builder_column fusion-builder-column-0 fusion_builder_column_1_1 1_1 fusion-one-full fusion-column-first fusion-column-last\" style=\"margin-top:20px;margin-bottom:20px;\"><div class=\"fusion-column-wrapper fusion-flex-column-wrapper-legacy\" style=\"background-position:left top;background-repeat:no-repeat;-webkit-background-size:cover;-moz-background-size:cover;-o-background-size:cover;background-size:cover;padding: 0px 0px 0px 0px;\"><style type=\"text\/css\"><\/style><div class=\"fusion-title title fusion-title-1 fusion-sep-none fusion-title-text fusion-title-size-one\" style=\"margin-top:0px;margin-right:0px;margin-bottom:0px;margin-left:0px;\"><h1 class=\"title-heading-left\" style=\"margin:0;\"><h1>Vertragsh\u00e4ndler<\/h1><\/h1><\/div><div class=\"fusion-sep-clear\"><\/div><div class=\"fusion-separator fusion-full-width-sep\" style=\"margin-left: auto;margin-right: auto;margin-top:10px;width:100%;\"><\/div><div class=\"fusion-sep-clear\"><\/div><div class=\"fusion-text fusion-text-1\" style=\"text-transform:none;\"><p>Allround Vegetable Processing arbeitet mit Vertragsh\u00e4ndlern in 50 L\u00e4ndern in der ganzen Welt zusammen.<br \/>\nWenn Sie Kontakt mit dem Vertragsh\u00e4ndler in Ihrer N\u00e4he aufnehmen wollen, finden Sie durch Anklicken des gew\u00fcnschten Lands in der nachstehenden Landkarte alle ben\u00f6tigten Angaben.<\/p>\n<\/div><div class=\"fusion-clearfix\"><\/div><\/div><\/div><div class=\"fusion-layout-column fusion_builder_column fusion-builder-column-1 fusion_builder_column_1_1 1_1 fusion-one-full fusion-column-first fusion-column-last shadow-element\" style=\"margin-top:0px;margin-bottom:20px;\"><div class=\"fusion-column-wrapper fusion-flex-column-wrapper-legacy\" style=\"background-position:left top;background-repeat:no-repeat;-webkit-background-size:cover;-moz-background-size:cover;-o-background-size:cover;background-size:cover;background-color:#ffffff;padding: 20px 40px 20px 40px;\"><div class='iwm_map_canvas'><div id='map_canvas_1' class='i_world_map ' class='iwm_map_canvas'><div class='iwm_placeholder'><img width='32px' alt='Dealers Placeholder' title='Dealers' src='https:\/\/www.allroundvp.com\/wp-content\/plugins\/interactive-world-maps\/imgs\/placeholder.png'><br>Dealers<\/div><\/div><\/div><div id='imap1message'><\/div><div class=\"fusion-clearfix\"><\/div><\/div><\/div><\/div><\/div>\n","protected":false},"excerpt":{"rendered":"","protected":false},"author":2,"featured_media":0,"parent":0,"menu_order":0,"comment_status":"closed","ping_status":"closed","template":"","meta":{"_monsterinsights_skip_tracking":false,"_monsterinsights_sitenote_active":false,"_monsterinsights_sitenote_note":"","_monsterinsights_sitenote_category":0},"yoast_head":"<!-- This site is optimized with the Yoast SEO plugin v19.4 - https:\/\/yoast.com\/wordpress\/plugins\/seo\/ -->\n<title>Vertragsh\u00e4ndler - Allround Vegetable Processing<\/title>\n<meta name=\"robots\" content=\"index, follow, max-snippet:-1, max-image-preview:large, max-video-preview:-1\" \/>\n<link rel=\"canonical\" href=\"https:\/\/www.allroundvp.com\/de\/vertragshaendler\/\" \/>\n<meta property=\"og:locale\" content=\"de_DE\" \/>\n<meta property=\"og:type\" content=\"article\" \/>\n<meta property=\"og:title\" content=\"Vertragsh\u00e4ndler - Allround Vegetable Processing\" \/>\n<meta property=\"og:url\" content=\"https:\/\/www.allroundvp.com\/de\/vertragshaendler\/\" \/>\n<meta property=\"og:site_name\" content=\"Allround Vegetable Processing\" \/>\n<meta property=\"article:modified_time\" content=\"2022-03-24T09:34:08+00:00\" \/>\n<meta name=\"twitter:card\" content=\"summary_large_image\" \/>\n<meta name=\"twitter:site\" content=\"@allroundvp\" \/>\n<meta name=\"twitter:label1\" content=\"Gesch\u00e4tzte Lesezeit\" \/>\n\t<meta name=\"twitter:data1\" content=\"2\u00a0Minuten\" \/>\n<script type=\"application\/ld+json\" class=\"yoast-schema-graph\">{\"@context\":\"https:\/\/schema.org\",\"@graph\":[{\"@type\":\"Organization\",\"@id\":\"https:\/\/www.allroundvp.com\/#organization\",\"name\":\"Allround Vegetable Processing Machines\",\"url\":\"https:\/\/www.allroundvp.com\/\",\"sameAs\":[\"https:\/\/www.linkedin.com\/company\/allround-vegetable-processing-b.v.\/\",\"https:\/\/www.youtube.com\/AllroundVegetableProcessing\",\"https:\/\/twitter.com\/allroundvp\"],\"logo\":{\"@type\":\"ImageObject\",\"inLanguage\":\"de\",\"@id\":\"https:\/\/www.allroundvp.com\/#\/schema\/logo\/image\/\",\"url\":\"https:\/\/www.allroundvp.com\/wp-content\/uploads\/2020\/07\/allround_vegetable_processing_dlogo.png\",\"contentUrl\":\"https:\/\/www.allroundvp.com\/wp-content\/uploads\/2020\/07\/allround_vegetable_processing_dlogo.png\",\"width\":150,\"height\":90,\"caption\":\"Allround Vegetable Processing Machines\"},\"image\":{\"@id\":\"https:\/\/www.allroundvp.com\/#\/schema\/logo\/image\/\"}},{\"@type\":\"WebSite\",\"@id\":\"https:\/\/www.allroundvp.com\/#website\",\"url\":\"https:\/\/www.allroundvp.com\/\",\"name\":\"Allround Vegetable Processing\",\"description\":\"Welcome on Allround Vegetable Processing\",\"publisher\":{\"@id\":\"https:\/\/www.allroundvp.com\/#organization\"},\"potentialAction\":[{\"@type\":\"SearchAction\",\"target\":{\"@type\":\"EntryPoint\",\"urlTemplate\":\"https:\/\/www.allroundvp.com\/?s={search_term_string}\"},\"query-input\":\"required name=search_term_string\"}],\"inLanguage\":\"de\"},{\"@type\":\"WebPage\",\"@id\":\"https:\/\/www.allroundvp.com\/de\/vertragshaendler\/\",\"url\":\"https:\/\/www.allroundvp.com\/de\/vertragshaendler\/\",\"name\":\"Vertragsh\u00e4ndler - Allround Vegetable Processing\",\"isPartOf\":{\"@id\":\"https:\/\/www.allroundvp.com\/#website\"},\"datePublished\":\"2021-03-23T03:58:05+00:00\",\"dateModified\":\"2022-03-24T09:34:08+00:00\",\"breadcrumb\":{\"@id\":\"https:\/\/www.allroundvp.com\/de\/vertragshaendler\/#breadcrumb\"},\"inLanguage\":\"de\",\"potentialAction\":[{\"@type\":\"ReadAction\",\"target\":[\"https:\/\/www.allroundvp.com\/de\/vertragshaendler\/\"]}]},{\"@type\":\"BreadcrumbList\",\"@id\":\"https:\/\/www.allroundvp.com\/de\/vertragshaendler\/#breadcrumb\",\"itemListElement\":[{\"@type\":\"ListItem\",\"position\":1,\"name\":\"Home\",\"item\":\"https:\/\/www.allroundvp.com\/de\/\"},{\"@type\":\"ListItem\",\"position\":2,\"name\":\"Vertragsh\u00e4ndler\"}]}]}<\/script>\n<!-- \/ Yoast SEO plugin. -->","yoast_head_json":{"title":"Vertragsh\u00e4ndler - Allround Vegetable Processing","robots":{"index":"index","follow":"follow","max-snippet":"max-snippet:-1","max-image-preview":"max-image-preview:large","max-video-preview":"max-video-preview:-1"},"canonical":"https:\/\/www.allroundvp.com\/de\/vertragshaendler\/","og_locale":"de_DE","og_type":"article","og_title":"Vertragsh\u00e4ndler - Allround Vegetable Processing","og_url":"https:\/\/www.allroundvp.com\/de\/vertragshaendler\/","og_site_name":"Allround Vegetable Processing","article_modified_time":"2022-03-24T09:34:08+00:00","twitter_card":"summary_large_image","twitter_site":"@allroundvp","twitter_misc":{"Gesch\u00e4tzte Lesezeit":"2\u00a0Minuten"},"schema":{"@context":"https:\/\/schema.org","@graph":[{"@type":"Organization","@id":"https:\/\/www.allroundvp.com\/#organization","name":"Allround Vegetable Processing Machines","url":"https:\/\/www.allroundvp.com\/","sameAs":["https:\/\/www.linkedin.com\/company\/allround-vegetable-processing-b.v.\/","https:\/\/www.youtube.com\/AllroundVegetableProcessing","https:\/\/twitter.com\/allroundvp"],"logo":{"@type":"ImageObject","inLanguage":"de","@id":"https:\/\/www.allroundvp.com\/#\/schema\/logo\/image\/","url":"https:\/\/www.allroundvp.com\/wp-content\/uploads\/2020\/07\/allround_vegetable_processing_dlogo.png","contentUrl":"https:\/\/www.allroundvp.com\/wp-content\/uploads\/2020\/07\/allround_vegetable_processing_dlogo.png","width":150,"height":90,"caption":"Allround Vegetable Processing Machines"},"image":{"@id":"https:\/\/www.allroundvp.com\/#\/schema\/logo\/image\/"}},{"@type":"WebSite","@id":"https:\/\/www.allroundvp.com\/#website","url":"https:\/\/www.allroundvp.com\/","name":"Allround Vegetable Processing","description":"Welcome on Allround Vegetable Processing","publisher":{"@id":"https:\/\/www.allroundvp.com\/#organization"},"potentialAction":[{"@type":"SearchAction","target":{"@type":"EntryPoint","urlTemplate":"https:\/\/www.allroundvp.com\/?s={search_term_string}"},"query-input":"required name=search_term_string"}],"inLanguage":"de"},{"@type":"WebPage","@id":"https:\/\/www.allroundvp.com\/de\/vertragshaendler\/","url":"https:\/\/www.allroundvp.com\/de\/vertragshaendler\/","name":"Vertragsh\u00e4ndler - Allround Vegetable Processing","isPartOf":{"@id":"https:\/\/www.allroundvp.com\/#website"},"datePublished":"2021-03-23T03:58:05+00:00","dateModified":"2022-03-24T09:34:08+00:00","breadcrumb":{"@id":"https:\/\/www.allroundvp.com\/de\/vertragshaendler\/#breadcrumb"},"inLanguage":"de","potentialAction":[{"@type":"ReadAction","target":["https:\/\/www.allroundvp.com\/de\/vertragshaendler\/"]}]},{"@type":"BreadcrumbList","@id":"https:\/\/www.allroundvp.com\/de\/vertragshaendler\/#breadcrumb","itemListElement":[{"@type":"ListItem","position":1,"name":"Home","item":"https:\/\/www.allroundvp.com\/de\/"},{"@type":"ListItem","position":2,"name":"Vertragsh\u00e4ndler"}]}]}},"_links":{"self":[{"href":"https:\/\/www.allroundvp.com\/de\/wp-json\/wp\/v2\/pages\/11849"}],"collection":[{"href":"https:\/\/www.allroundvp.com\/de\/wp-json\/wp\/v2\/pages"}],"about":[{"href":"https:\/\/www.allroundvp.com\/de\/wp-json\/wp\/v2\/types\/page"}],"author":[{"embeddable":true,"href":"https:\/\/www.allroundvp.com\/de\/wp-json\/wp\/v2\/users\/2"}],"replies":[{"embeddable":true,"href":"https:\/\/www.allroundvp.com\/de\/wp-json\/wp\/v2\/comments?post=11849"}],"version-history":[{"count":2,"href":"https:\/\/www.allroundvp.com\/de\/wp-json\/wp\/v2\/pages\/11849\/revisions"}],"predecessor-version":[{"id":14755,"href":"https:\/\/www.allroundvp.com\/de\/wp-json\/wp\/v2\/pages\/11849\/revisions\/14755"}],"wp:attachment":[{"href":"https:\/\/www.allroundvp.com\/de\/wp-json\/wp\/v2\/media?parent=11849"}],"curies":[{"name":"wp","href":"https:\/\/api.w.org\/{rel}","templated":true}]}}