{"id":11643,"date":"2021-03-18T06:51:15","date_gmt":"2021-03-18T06:51:15","guid":{"rendered":"https:\/\/www.allroundvp.com\/?page_id=11643"},"modified":"2021-12-20T04:49:20","modified_gmt":"2021-12-20T04:49:20","slug":"allround-vp-mumbai-indien","status":"publish","type":"page","link":"https:\/\/www.allroundvp.com\/de\/ueber-uns\/allround-vp-mumbai-indien\/","title":{"rendered":"Allround VP &#8211; Mumbai, Indien"},"content":{"rendered":"<p><div class=\"fusion-fullwidth fullwidth-box fusion-builder-row-1 hundred-percent-fullwidth non-hundred-percent-height-scrolling\" style=\"background-color: rgba(255,255,255,0);background-position: center center;background-repeat: no-repeat;padding-top:0px;padding-right:0px;padding-bottom:0px;padding-left:0px;margin-bottom: 0px;margin-top: 0px;border-width: 0px 0px 0px 0px;border-color:#eae9e9;border-style:solid;\" ><div class=\"fusion-builder-row fusion-row\"><div class=\"fusion-layout-column fusion_builder_column fusion-builder-column-0 fusion_builder_column_1_1 1_1 fusion-one-full fusion-column-first fusion-column-last fusion-column-no-min-height\" style=\"margin-top:0px;margin-bottom:0px;\"><div class=\"fusion-column-wrapper fusion-flex-column-wrapper-legacy\" style=\"background-position:left top;background-repeat:no-repeat;-webkit-background-size:cover;-moz-background-size:cover;-o-background-size:cover;background-size:cover;padding: 0px 0px 0px 0px;\"><div class=\"fusion-sep-clear\"><\/div><div class=\"fusion-separator fusion-full-width-sep\" style=\"margin-left: auto;margin-right: auto;margin-top:15px;margin-bottom:15px;width:100%;\"><\/div><div class=\"fusion-sep-clear\"><\/div><div class=\"fusion-clearfix\"><\/div><\/div><\/div><div class=\"fusion-layout-column fusion_builder_column fusion-builder-column-1 fusion_builder_column_1_2 1_2 fusion-one-half fusion-column-first\" style=\"width:50%;width:calc(50% - ( ( 4% ) * 0.5 ) );margin-right: 4%;margin-top:0px;margin-bottom:20px;\"><div class=\"fusion-column-wrapper fusion-flex-column-wrapper-legacy\" style=\"background-position:left top;background-blend-mode: overlay;background-repeat:no-repeat;-webkit-background-size:cover;-moz-background-size:cover;-o-background-size:cover;background-size:cover;padding: 0px 0px 0px 0px;\"><style type=\"text\/css\"><\/style><div class=\"fusion-title title fusion-title-1 fusion-sep-none fusion-title-text fusion-title-size-one\" style=\"margin-top:0px;margin-right:0px;margin-bottom:0px;margin-left:0px;\"><h1 class=\"title-heading-left\" style=\"margin:0;\">Allround Vegetable Processing in Mumbai<\/h1><\/div><div class=\"fusion-sep-clear\"><\/div><div class=\"fusion-separator fusion-full-width-sep\" style=\"margin-left: auto;margin-right: auto;margin-bottom:15px;width:100%;\"><\/div><div class=\"fusion-sep-clear\"><\/div><div class=\"fusion-text fusion-text-1\"><p>Allround India hat in Mumbai eine Gesch\u00e4ftsstelle mit einem Verkaufsteam.<\/p>\n<\/div><ul class=\"fusion-checklist fusion-checklist-1\" style=\"font-size:14px;line-height:23.8px;\"><li style=\"background-color:rgba(255,255,255,0);\" class=\"fusion-li-item\"><span style=\"height:23.8px;width:23.8px;margin-right:9.8px;\" class=\"icon-wrapper circle-no\"><i class=\"fusion-li-icon fa-handshake fas\" style=\"color:#e88225;\" aria-hidden=\"true\"><\/i><\/span><div class=\"fusion-li-item-content\" style=\"margin-left:33.6px;color:#2a3b49;\"><b>Verkauf<\/b><br \/>\nF\u00fcr den Verkauf innerhalb Indiens ist unsere Gesch\u00e4ftsstelle in Mumbai zust\u00e4ndig.<\/div><\/li><\/ul><div class=\"fusion-clearfix\"><\/div><\/div><\/div><div class=\"fusion-layout-column fusion_builder_column fusion-builder-column-2 fusion_builder_column_1_2 1_2 fusion-one-half fusion-column-last shadow-element\" style=\"width:50%;width:calc(50% - ( ( 4% ) * 0.5 ) );margin-top:0px;margin-bottom:20px;\"><div class=\"fusion-column-wrapper fusion-flex-column-wrapper-legacy\" style=\"background-position:left top;background-repeat:no-repeat;-webkit-background-size:cover;-moz-background-size:cover;-o-background-size:cover;background-size:cover;background-color:#ffffff;padding: 40px 50px 40px 50px;\"><style type=\"text\/css\"><\/style><div class=\"fusion-title title fusion-title-2 fusion-sep-none fusion-title-text fusion-title-size-two\" style=\"margin-top:0px;margin-right:0px;margin-bottom:0px;margin-left:0px;\"><h2 class=\"title-heading-left\" style=\"margin:0;\">Allround India Vegetable Processing Machines Pvt Ltd<\/h2><\/div><div class=\"fusion-sep-clear\"><\/div><div class=\"fusion-separator fusion-full-width-sep\" style=\"margin-left: auto;margin-right: auto;margin-bottom:15px;width:100%;\"><\/div><div class=\"fusion-sep-clear\"><\/div><div class=\"fusion-text fusion-text-2\" style=\"text-transform:none;\"><p>218, Platinum Technopark,<br \/>\nSector 30A, Vashi,<br \/>\nNavi Mumbai 400703, India<\/p>\n<p>Phone: <a href=\"tel:+9102249766601\">+91 022 49766601<\/a><\/p>\n<p>E-mail: <a href=\"mailto:mumbai@allroundindia.com\">mumbai@allroundindia.com<\/a><\/p>\n<p>www.allroundvp.com<\/p>\n<\/div>\t\t\t\t\t<script type=\"text\/javascript\">\n\t\t\t\t\t\tvar map_fusion_map_69e0cb80426cf;\n\t\t\t\t\t\tvar markers = [];\n\t\t\t\t\t\tvar counter = 0;\n\t\t\t\t\t\t\t\t\t\t\t\t\t\t\t\t\t\t\t\tvar fusionMapNonce = '42ac9bda5f';\n\t\t\t\t\t\t\t\t\t\t\t\tfunction fusion_run_map_fusion_map_69e0cb80426cf() {\n\t\t\t\t\t\t\tjQuery('#fusion_map_69e0cb80426cf').fusion_maps({\n\t\t\t\t\t\t\t\taddresses: [{\"address\":\"218, Platinum Technopark,<br \\\/>\\nSector 30A, Vashi,<br \\\/>\\nNavi Mumbai 400703, India\",\"infobox_content\":\"218, Platinum Technopark,<br \\\/>\\nSector 30A, Vashi,<br \\\/>\\nNavi Mumbai 400703, India\",\"coordinates\":false,\"cache\":true,\"latitude\":\"19.0652918\",\"longitude\":\"72.99596159999999\"}],\n\t\t\t\t\t\t\t\tanimations: false,\n\t\t\t\t\t\t\t\tinfobox_background_color: '',\n\t\t\t\t\t\t\t\tinfobox_styling: 'default',\n\t\t\t\t\t\t\t\tinfobox_text_color: '',\n\t\t\t\t\t\t\t\tmap_style: 'default',\n\t\t\t\t\t\t\t\tmap_type: 'roadmap',\n\t\t\t\t\t\t\t\tmarker_icon: '',\n\t\t\t\t\t\t\t\toverlay_color: '',\n\t\t\t\t\t\t\t\toverlay_color_hsl: {\"hue\":0,\"sat\":0,\"lum\":100},\n\t\t\t\t\t\t\t\tpan_control: true,\n\t\t\t\t\t\t\t\tshow_address: true,\n\t\t\t\t\t\t\t\tscale_control: false,\n\t\t\t\t\t\t\t\tscrollwheel: true,\n\t\t\t\t\t\t\t\tzoom: 14,\n\t\t\t\t\t\t\t\tzoom_control: true,\n\t\t\t\t\t\t\t});\n\t\t\t\t\t\t}\n\n\t\t\t\t\t\tgoogle.maps.event.addDomListener(window, 'load', fusion_run_map_fusion_map_69e0cb80426cf);\n\t\t\t\t\t<\/script>\n\t\t\t\t\t<div class=\"shortcode-map fusion-google-map fusion-maps-js-type\" style=\"height:300px;width:100%;\" id=\"fusion_map_69e0cb80426cf\"><\/div><div class=\"fusion-clearfix\"><\/div><\/div><\/div><div class=\"fusion-layout-column fusion_builder_column fusion-builder-column-3 fusion_builder_column_1_1 1_1 fusion-one-full fusion-column-first fusion-column-last fusion-column-no-min-height\" style=\"margin-top:0px;margin-bottom:0px;\"><div class=\"fusion-column-wrapper fusion-flex-column-wrapper-legacy\" style=\"background-position:left top;background-repeat:no-repeat;-webkit-background-size:cover;-moz-background-size:cover;-o-background-size:cover;background-size:cover;padding: 0px 0px 0px 0px;\"><div class=\"fusion-sep-clear\"><\/div><div class=\"fusion-separator fusion-full-width-sep\" style=\"margin-left: auto;margin-right: auto;margin-top:15px;margin-bottom:15px;width:100%;\"><\/div><div class=\"fusion-sep-clear\"><\/div><div class=\"fusion-clearfix\"><\/div><\/div><\/div><\/div><style type=\"text\/css\">.fusion-fullwidth.fusion-builder-row-1 { overflow:visible; }<\/style><\/div><div class=\"fusion-fullwidth fullwidth-box fusion-builder-row-2 nonhundred-percent-fullwidth non-hundred-percent-height-scrolling fusion-equal-height-columns\" style=\"background-color: rgba(255,255,255,0);background-position: left top;background-repeat: no-repeat;padding-top:0px;padding-right:0px;padding-bottom:110px;padding-left:0px;margin-bottom: 0px;margin-top: 0px;border-width: 0px 0px 0px 0px;border-color:#e2e2e2;border-style:solid;\" ><div class=\"fusion-builder-row fusion-row\"><div class=\"fusion-layout-column fusion_builder_column fusion-builder-column-4 fusion_builder_column_1_1 1_1 fusion-one-full fusion-column-first fusion-column-last fusion-column-no-min-height\" style=\"margin-top:40px;margin-bottom:20px;\"><div class=\"fusion-column-wrapper fusion-flex-column-wrapper-legacy\" style=\"background-position:left top;background-repeat:no-repeat;-webkit-background-size:cover;-moz-background-size:cover;-o-background-size:cover;background-size:cover;padding: 0px 0px 0px 0px;\"><div class=\"fusion-text fusion-text-3\"><h1 style=\"text-align: left;\">Team<\/h1>\n<\/div><div class=\"fusion-clearfix\"><\/div><\/div><\/div><div class=\"fusion-layout-column fusion_builder_column fusion-builder-column-5 fusion_builder_column_1_3 1_3 fusion-one-third fusion-column-first shadow-element\" style=\"width:30.6666%; margin-right: 4%;margin-top:0px;margin-bottom:40px;\"><div class=\"fusion-column-wrapper fusion-flex-column-wrapper-legacy\" style=\"background-position:left top;background-repeat:no-repeat;-webkit-background-size:cover;-moz-background-size:cover;-o-background-size:cover;background-size:cover;background-color:#ffffff;border-width: 0 0 0 0;border-color:#e2e2e2;border-style:solid;padding: 20px 20px 20px 20px;\"><span class=\" fusion-imageframe imageframe-none imageframe-1 hover-type-none contactimg\"><img width=\"600\" height=\"600\" title=\"mohd-faruk\" src=\"https:\/\/www.allroundvp.com\/wp-content\/uploads\/2019\/05\/m-faruk.jpg\" alt class=\"img-responsive wp-image-11646\" srcset=\"https:\/\/www.allroundvp.com\/wp-content\/uploads\/2019\/05\/m-faruk-200x200.jpg 200w, https:\/\/www.allroundvp.com\/wp-content\/uploads\/2019\/05\/m-faruk-400x400.jpg 400w, https:\/\/www.allroundvp.com\/wp-content\/uploads\/2019\/05\/m-faruk.jpg 600w\" sizes=\"(max-width: 800px) 100vw, 400px\" \/><\/span><div class=\"fusion-text fusion-text-4\"><p><span class=\"contactname\" style=\"font-size: 18px; font-weight: 800;\">Mohd faruk<\/span><\/p>\n<\/div><div class=\"fusion-sep-clear\"><\/div><div class=\"fusion-separator fusion-full-width-sep\" style=\"margin-left: auto;margin-right: auto;margin-top:-20px;width:100%;\"><\/div><div class=\"fusion-sep-clear\"><\/div><div class=\"fusion-text fusion-text-5\" style=\"text-transform:none;\"><p>Head Sales<\/p>\n<\/div><div class=\"fusion-clearfix\"><\/div><\/div><\/div><div class=\"fusion-layout-column fusion_builder_column fusion-builder-column-6 fusion_builder_column_1_3 1_3 fusion-one-third shadow-element\" style=\"width:30.6666%; margin-right: 4%;margin-top:0px;margin-bottom:40px;\"><div class=\"fusion-column-wrapper fusion-flex-column-wrapper-legacy\" style=\"background-position:left top;background-repeat:no-repeat;-webkit-background-size:cover;-moz-background-size:cover;-o-background-size:cover;background-size:cover;background-color:#ffffff;border-width: 0 0 0 0;border-color:#e2e2e2;border-style:solid;padding: 20px 20px 20px 20px;\"><span class=\" fusion-imageframe imageframe-none imageframe-2 hover-type-none contactimg\"><img width=\"600\" height=\"600\" alt=\"shadab-allround\" title=\"shadab-allround\" src=\"https:\/\/www.allroundvp.com\/wp-content\/uploads\/2021\/12\/shadab-allround.jpg\" class=\"img-responsive wp-image-14673\" srcset=\"https:\/\/www.allroundvp.com\/wp-content\/uploads\/2021\/12\/shadab-allround-200x200.jpg 200w, https:\/\/www.allroundvp.com\/wp-content\/uploads\/2021\/12\/shadab-allround-400x400.jpg 400w, https:\/\/www.allroundvp.com\/wp-content\/uploads\/2021\/12\/shadab-allround.jpg 600w\" sizes=\"(max-width: 800px) 100vw, 400px\" \/><\/span><div class=\"fusion-text fusion-text-6\" style=\"text-transform:none;\"><p><span class=\"contactname\" style=\"font-size: 18px; font-weight: 800;\">Shadab Suleman<\/span><\/p>\n<\/div><div class=\"fusion-sep-clear\"><\/div><div class=\"fusion-separator fusion-full-width-sep\" style=\"margin-left: auto;margin-right: auto;margin-top:-20px;width:100%;\"><\/div><div class=\"fusion-sep-clear\"><\/div><div class=\"fusion-text fusion-text-7\" style=\"text-transform:none;\"><p>Deputy Manager Sales<\/p>\n<\/div><div class=\"fusion-clearfix\"><\/div><\/div><\/div><\/div><\/div><\/p>\n","protected":false},"excerpt":{"rendered":"","protected":false},"author":2,"featured_media":0,"parent":11602,"menu_order":0,"comment_status":"closed","ping_status":"closed","template":"","meta":{"_monsterinsights_skip_tracking":false,"_monsterinsights_sitenote_active":false,"_monsterinsights_sitenote_note":"","_monsterinsights_sitenote_category":0},"yoast_head":"<!-- This site is optimized with the Yoast SEO plugin v19.4 - https:\/\/yoast.com\/wordpress\/plugins\/seo\/ -->\n<title>Allround VP - Mumbai, Indien - Allround Vegetable Processing<\/title>\n<meta name=\"robots\" content=\"index, follow, max-snippet:-1, max-image-preview:large, max-video-preview:-1\" \/>\n<link rel=\"canonical\" href=\"https:\/\/www.allroundvp.com\/de\/ueber-uns\/allround-vp-mumbai-indien\/\" \/>\n<meta property=\"og:locale\" content=\"de_DE\" \/>\n<meta property=\"og:type\" content=\"article\" \/>\n<meta property=\"og:title\" content=\"Allround VP - Mumbai, Indien - Allround Vegetable Processing\" \/>\n<meta property=\"og:url\" content=\"https:\/\/www.allroundvp.com\/de\/ueber-uns\/allround-vp-mumbai-indien\/\" \/>\n<meta property=\"og:site_name\" content=\"Allround Vegetable Processing\" \/>\n<meta property=\"article:modified_time\" content=\"2021-12-20T04:49:20+00:00\" \/>\n<meta name=\"twitter:card\" content=\"summary_large_image\" \/>\n<meta name=\"twitter:site\" content=\"@allroundvp\" \/>\n<meta name=\"twitter:label1\" content=\"Gesch\u00e4tzte Lesezeit\" \/>\n\t<meta name=\"twitter:data1\" content=\"9\u00a0Minuten\" \/>\n<script type=\"application\/ld+json\" class=\"yoast-schema-graph\">{\"@context\":\"https:\/\/schema.org\",\"@graph\":[{\"@type\":\"Organization\",\"@id\":\"https:\/\/www.allroundvp.com\/#organization\",\"name\":\"Allround Vegetable Processing Machines\",\"url\":\"https:\/\/www.allroundvp.com\/\",\"sameAs\":[\"https:\/\/www.linkedin.com\/company\/allround-vegetable-processing-b.v.\/\",\"https:\/\/www.youtube.com\/AllroundVegetableProcessing\",\"https:\/\/twitter.com\/allroundvp\"],\"logo\":{\"@type\":\"ImageObject\",\"inLanguage\":\"de\",\"@id\":\"https:\/\/www.allroundvp.com\/#\/schema\/logo\/image\/\",\"url\":\"https:\/\/www.allroundvp.com\/wp-content\/uploads\/2020\/07\/allround_vegetable_processing_dlogo.png\",\"contentUrl\":\"https:\/\/www.allroundvp.com\/wp-content\/uploads\/2020\/07\/allround_vegetable_processing_dlogo.png\",\"width\":150,\"height\":90,\"caption\":\"Allround Vegetable Processing Machines\"},\"image\":{\"@id\":\"https:\/\/www.allroundvp.com\/#\/schema\/logo\/image\/\"}},{\"@type\":\"WebSite\",\"@id\":\"https:\/\/www.allroundvp.com\/#website\",\"url\":\"https:\/\/www.allroundvp.com\/\",\"name\":\"Allround Vegetable Processing\",\"description\":\"Welcome on Allround Vegetable Processing\",\"publisher\":{\"@id\":\"https:\/\/www.allroundvp.com\/#organization\"},\"potentialAction\":[{\"@type\":\"SearchAction\",\"target\":{\"@type\":\"EntryPoint\",\"urlTemplate\":\"https:\/\/www.allroundvp.com\/?s={search_term_string}\"},\"query-input\":\"required name=search_term_string\"}],\"inLanguage\":\"de\"},{\"@type\":\"WebPage\",\"@id\":\"https:\/\/www.allroundvp.com\/de\/ueber-uns\/allround-vp-mumbai-indien\/\",\"url\":\"https:\/\/www.allroundvp.com\/de\/ueber-uns\/allround-vp-mumbai-indien\/\",\"name\":\"Allround VP - Mumbai, Indien - Allround Vegetable Processing\",\"isPartOf\":{\"@id\":\"https:\/\/www.allroundvp.com\/#website\"},\"datePublished\":\"2021-03-18T06:51:15+00:00\",\"dateModified\":\"2021-12-20T04:49:20+00:00\",\"breadcrumb\":{\"@id\":\"https:\/\/www.allroundvp.com\/de\/ueber-uns\/allround-vp-mumbai-indien\/#breadcrumb\"},\"inLanguage\":\"de\",\"potentialAction\":[{\"@type\":\"ReadAction\",\"target\":[\"https:\/\/www.allroundvp.com\/de\/ueber-uns\/allround-vp-mumbai-indien\/\"]}]},{\"@type\":\"BreadcrumbList\",\"@id\":\"https:\/\/www.allroundvp.com\/de\/ueber-uns\/allround-vp-mumbai-indien\/#breadcrumb\",\"itemListElement\":[{\"@type\":\"ListItem\",\"position\":1,\"name\":\"Home\",\"item\":\"https:\/\/www.allroundvp.com\/de\/\"},{\"@type\":\"ListItem\",\"position\":2,\"name\":\"\u00dcber uns\",\"item\":\"https:\/\/www.allroundvp.com\/de\/ueber-uns\/\"},{\"@type\":\"ListItem\",\"position\":3,\"name\":\"Allround VP &#8211; Mumbai, Indien\"}]}]}<\/script>\n<!-- \/ Yoast SEO plugin. -->","yoast_head_json":{"title":"Allround VP - Mumbai, Indien - Allround Vegetable Processing","robots":{"index":"index","follow":"follow","max-snippet":"max-snippet:-1","max-image-preview":"max-image-preview:large","max-video-preview":"max-video-preview:-1"},"canonical":"https:\/\/www.allroundvp.com\/de\/ueber-uns\/allround-vp-mumbai-indien\/","og_locale":"de_DE","og_type":"article","og_title":"Allround VP - Mumbai, Indien - Allround Vegetable Processing","og_url":"https:\/\/www.allroundvp.com\/de\/ueber-uns\/allround-vp-mumbai-indien\/","og_site_name":"Allround Vegetable Processing","article_modified_time":"2021-12-20T04:49:20+00:00","twitter_card":"summary_large_image","twitter_site":"@allroundvp","twitter_misc":{"Gesch\u00e4tzte Lesezeit":"9\u00a0Minuten"},"schema":{"@context":"https:\/\/schema.org","@graph":[{"@type":"Organization","@id":"https:\/\/www.allroundvp.com\/#organization","name":"Allround Vegetable Processing Machines","url":"https:\/\/www.allroundvp.com\/","sameAs":["https:\/\/www.linkedin.com\/company\/allround-vegetable-processing-b.v.\/","https:\/\/www.youtube.com\/AllroundVegetableProcessing","https:\/\/twitter.com\/allroundvp"],"logo":{"@type":"ImageObject","inLanguage":"de","@id":"https:\/\/www.allroundvp.com\/#\/schema\/logo\/image\/","url":"https:\/\/www.allroundvp.com\/wp-content\/uploads\/2020\/07\/allround_vegetable_processing_dlogo.png","contentUrl":"https:\/\/www.allroundvp.com\/wp-content\/uploads\/2020\/07\/allround_vegetable_processing_dlogo.png","width":150,"height":90,"caption":"Allround Vegetable Processing Machines"},"image":{"@id":"https:\/\/www.allroundvp.com\/#\/schema\/logo\/image\/"}},{"@type":"WebSite","@id":"https:\/\/www.allroundvp.com\/#website","url":"https:\/\/www.allroundvp.com\/","name":"Allround Vegetable Processing","description":"Welcome on Allround Vegetable Processing","publisher":{"@id":"https:\/\/www.allroundvp.com\/#organization"},"potentialAction":[{"@type":"SearchAction","target":{"@type":"EntryPoint","urlTemplate":"https:\/\/www.allroundvp.com\/?s={search_term_string}"},"query-input":"required name=search_term_string"}],"inLanguage":"de"},{"@type":"WebPage","@id":"https:\/\/www.allroundvp.com\/de\/ueber-uns\/allround-vp-mumbai-indien\/","url":"https:\/\/www.allroundvp.com\/de\/ueber-uns\/allround-vp-mumbai-indien\/","name":"Allround VP - Mumbai, Indien - Allround Vegetable Processing","isPartOf":{"@id":"https:\/\/www.allroundvp.com\/#website"},"datePublished":"2021-03-18T06:51:15+00:00","dateModified":"2021-12-20T04:49:20+00:00","breadcrumb":{"@id":"https:\/\/www.allroundvp.com\/de\/ueber-uns\/allround-vp-mumbai-indien\/#breadcrumb"},"inLanguage":"de","potentialAction":[{"@type":"ReadAction","target":["https:\/\/www.allroundvp.com\/de\/ueber-uns\/allround-vp-mumbai-indien\/"]}]},{"@type":"BreadcrumbList","@id":"https:\/\/www.allroundvp.com\/de\/ueber-uns\/allround-vp-mumbai-indien\/#breadcrumb","itemListElement":[{"@type":"ListItem","position":1,"name":"Home","item":"https:\/\/www.allroundvp.com\/de\/"},{"@type":"ListItem","position":2,"name":"\u00dcber uns","item":"https:\/\/www.allroundvp.com\/de\/ueber-uns\/"},{"@type":"ListItem","position":3,"name":"Allround VP &#8211; Mumbai, Indien"}]}]}},"_links":{"self":[{"href":"https:\/\/www.allroundvp.com\/de\/wp-json\/wp\/v2\/pages\/11643"}],"collection":[{"href":"https:\/\/www.allroundvp.com\/de\/wp-json\/wp\/v2\/pages"}],"about":[{"href":"https:\/\/www.allroundvp.com\/de\/wp-json\/wp\/v2\/types\/page"}],"author":[{"embeddable":true,"href":"https:\/\/www.allroundvp.com\/de\/wp-json\/wp\/v2\/users\/2"}],"replies":[{"embeddable":true,"href":"https:\/\/www.allroundvp.com\/de\/wp-json\/wp\/v2\/comments?post=11643"}],"version-history":[{"count":7,"href":"https:\/\/www.allroundvp.com\/de\/wp-json\/wp\/v2\/pages\/11643\/revisions"}],"predecessor-version":[{"id":14679,"href":"https:\/\/www.allroundvp.com\/de\/wp-json\/wp\/v2\/pages\/11643\/revisions\/14679"}],"up":[{"embeddable":true,"href":"https:\/\/www.allroundvp.com\/de\/wp-json\/wp\/v2\/pages\/11602"}],"wp:attachment":[{"href":"https:\/\/www.allroundvp.com\/de\/wp-json\/wp\/v2\/media?parent=11643"}],"curies":[{"name":"wp","href":"https:\/\/api.w.org\/{rel}","templated":true}]}}